{"id":9,"date":"2025-02-12T09:14:41","date_gmt":"2025-02-12T09:14:41","guid":{"rendered":"https:\/\/xehoivungtau.com\/?page_id=9"},"modified":"2025-02-18T03:41:30","modified_gmt":"2025-02-18T03:41:30","slug":"tu-van-sua-chua","status":"publish","type":"page","link":"https:\/\/xehoivungtau.com\/?page_id=9","title":{"rendered":"\u0110\u1eb6T L\u1ecaCH S\u1eecA CH\u1eeeA"},"content":{"rendered":"\n<p>Xe c\u1ee7a Qu\u00fd kh\u00e1ch \u0111ang g\u1eb7p v\u1ea5n \u0111\u1ec1 g\u00ec? Xin h\u00e3y \u0111\u1ec3 l\u1ea1i th\u00f4ng tin \u0111\u1ec3 ch\u00fang t\u00f4i h\u1ed7 tr\u1ee3 Qu\u00fd kh\u00e1ch<\/p>\n\n\n\n<p>Ch\u1ecdn v\u1ea5n \u0111\u1ec1 Qu\u00fd kh\u00e1ch quan t\u00e2m:<\/p>\n\n\n\n<div class=\"wp-block-contact-form-7-contact-form-selector\">\n<div class=\"wpcf7 no-js\" id=\"wpcf7-f37-o1\" lang=\"vi\" dir=\"ltr\" data-wpcf7-id=\"37\">\n<div class=\"screen-reader-response\"><p role=\"status\" aria-live=\"polite\" aria-atomic=\"true\"><\/p> <ul><\/ul><\/div>\n<form action=\"\/index.php?rest_route=%2Fwp%2Fv2%2Fpages%2F9#wpcf7-f37-o1\" method=\"post\" class=\"wpcf7-form init\" aria-label=\"Form li\u00ean h\u1ec7\" novalidate=\"novalidate\" data-status=\"init\">\n<fieldset class=\"hidden-fields-container\"><input type=\"hidden\" name=\"_wpcf7\" value=\"37\" \/><input type=\"hidden\" name=\"_wpcf7_version\" value=\"6.1.5\" \/><input type=\"hidden\" name=\"_wpcf7_locale\" value=\"vi\" \/><input type=\"hidden\" name=\"_wpcf7_unit_tag\" value=\"wpcf7-f37-o1\" \/><input type=\"hidden\" name=\"_wpcf7_container_post\" value=\"0\" \/><input type=\"hidden\" name=\"_wpcf7_posted_data_hash\" value=\"\" \/>\n<\/fieldset>\n<p><label> T\u00ean c\u1ee7a b\u1ea1n<br \/>\n<span class=\"wpcf7-form-control-wrap\" data-name=\"your-name\"><input size=\"40\" maxlength=\"400\" class=\"wpcf7-form-control wpcf7-text wpcf7-validates-as-required\" autocomplete=\"name\" aria-required=\"true\" aria-invalid=\"false\" value=\"\" type=\"text\" name=\"your-name\" \/><\/span> <\/label>\n<\/p>\n<p><label> Email c\u1ee7a b\u1ea1n<br \/>\n<span class=\"wpcf7-form-control-wrap\" data-name=\"your-email\"><input size=\"40\" maxlength=\"400\" class=\"wpcf7-form-control wpcf7-email wpcf7-validates-as-required wpcf7-text wpcf7-validates-as-email\" autocomplete=\"email\" aria-required=\"true\" aria-invalid=\"false\" value=\"\" type=\"email\" name=\"your-email\" \/><\/span> <\/label>\n<\/p>\n<p><label> Ti\u00eau \u0111\u1ec1:<br \/>\n<span class=\"wpcf7-form-control-wrap\" data-name=\"your-subject\"><input size=\"40\" maxlength=\"400\" class=\"wpcf7-form-control wpcf7-text wpcf7-validates-as-required\" aria-required=\"true\" aria-invalid=\"false\" value=\"\" type=\"text\" name=\"your-subject\" \/><\/span> <\/label>\n<\/p>\n<p><label> Tin nh\u1eafn c\u1ee7a b\u1ea1n (kh\u00f4ng b\u1eaft bu\u1ed9c)<br \/>\n<span class=\"wpcf7-form-control-wrap\" data-name=\"your-message\"><textarea cols=\"40\" rows=\"10\" maxlength=\"2000\" class=\"wpcf7-form-control wpcf7-textarea\" aria-invalid=\"false\" name=\"your-message\"><\/textarea><\/span> <\/label>\n<\/p>\n<p><input class=\"wpcf7-form-control wpcf7-submit has-spinner\" type=\"submit\" value=\"G\u1eedi\" \/>\n<\/p><input type='hidden' class='wpcf7-pum' value='{\"closepopup\":false,\"closedelay\":0,\"openpopup\":false,\"openpopup_id\":0}' \/><div class=\"wpcf7-response-output\" aria-hidden=\"true\"><\/div>\n<\/form>\n<\/div>\n<\/div>\n\n\n\n<p><\/p>\n","protected":false},"excerpt":{"rendered":"<p>Xe c\u1ee7a Qu\u00fd kh\u00e1ch \u0111ang g\u1eb7p v\u1ea5n \u0111\u1ec1 g\u00ec? Xin h\u00e3y \u0111\u1ec3 l\u1ea1i th\u00f4ng tin \u0111\u1ec3 ch\u00fang t\u00f4i h\u1ed7 tr\u1ee3 Qu\u00fd kh\u00e1ch Ch\u1ecdn v\u1ea5n \u0111\u1ec1 Qu\u00fd kh\u00e1ch quan t\u00e2m:<\/p>\n","protected":false},"author":1,"featured_media":0,"parent":0,"menu_order":0,"comment_status":"closed","ping_status":"closed","template":"","meta":{"footnotes":""},"class_list":["post-9","page","type-page","status-publish","hentry"],"yoast_head":"<!-- This site is optimized with the Yoast SEO plugin v27.2 - https:\/\/yoast.com\/product\/yoast-seo-wordpress\/ -->\n<title>\u0110\u1eb6T L\u1ecaCH S\u1eecA CH\u1eeeA - Vung Tau Auto<\/title>\n<meta name=\"robots\" content=\"index, follow, max-snippet:-1, max-image-preview:large, max-video-preview:-1\" \/>\n<link rel=\"canonical\" href=\"https:\/\/xehoivungtau.com\/?page_id=9\" \/>\n<meta property=\"og:locale\" content=\"vi_VN\" \/>\n<meta property=\"og:type\" content=\"article\" \/>\n<meta property=\"og:title\" content=\"\u0110\u1eb6T L\u1ecaCH S\u1eecA CH\u1eeeA - Vung Tau Auto\" \/>\n<meta property=\"og:description\" content=\"Xe c\u1ee7a Qu\u00fd kh\u00e1ch \u0111ang g\u1eb7p v\u1ea5n \u0111\u1ec1 g\u00ec? Xin h\u00e3y \u0111\u1ec3 l\u1ea1i th\u00f4ng tin \u0111\u1ec3 ch\u00fang t\u00f4i h\u1ed7 tr\u1ee3 Qu\u00fd kh\u00e1ch Ch\u1ecdn v\u1ea5n \u0111\u1ec1 Qu\u00fd kh\u00e1ch quan t\u00e2m:\" \/>\n<meta property=\"og:url\" content=\"https:\/\/xehoivungtau.com\/?page_id=9\" \/>\n<meta property=\"og:site_name\" content=\"Vung Tau Auto\" \/>\n<meta property=\"article:publisher\" content=\"https:\/\/www.facebook.com\/xehoivungtau688\" \/>\n<meta property=\"article:modified_time\" content=\"2025-02-18T03:41:30+00:00\" \/>\n<meta name=\"twitter:card\" content=\"summary_large_image\" \/>\n<meta name=\"twitter:site\" content=\"@xehoivt\" \/>\n<script type=\"application\/ld+json\" class=\"yoast-schema-graph\">{\"@context\":\"https:\/\/schema.org\",\"@graph\":[{\"@type\":\"WebPage\",\"@id\":\"https:\/\/xehoivungtau.com\/?page_id=9\",\"url\":\"https:\/\/xehoivungtau.com\/?page_id=9\",\"name\":\"\u0110\u1eb6T L\u1ecaCH S\u1eecA CH\u1eeeA - Vung Tau Auto\",\"isPartOf\":{\"@id\":\"https:\/\/xehoivungtau.com\/#website\"},\"datePublished\":\"2025-02-12T09:14:41+00:00\",\"dateModified\":\"2025-02-18T03:41:30+00:00\",\"breadcrumb\":{\"@id\":\"https:\/\/xehoivungtau.com\/?page_id=9#breadcrumb\"},\"inLanguage\":\"vi\",\"potentialAction\":[{\"@type\":\"ReadAction\",\"target\":[\"https:\/\/xehoivungtau.com\/?page_id=9\"]}]},{\"@type\":\"BreadcrumbList\",\"@id\":\"https:\/\/xehoivungtau.com\/?page_id=9#breadcrumb\",\"itemListElement\":[{\"@type\":\"ListItem\",\"position\":1,\"name\":\"Trang ch\u1ee7\",\"item\":\"https:\/\/xehoivungtau.com\/\"},{\"@type\":\"ListItem\",\"position\":2,\"name\":\"\u0110\u1eb6T L\u1ecaCH S\u1eecA CH\u1eeeA\"}]},{\"@type\":\"WebSite\",\"@id\":\"https:\/\/xehoivungtau.com\/#website\",\"url\":\"https:\/\/xehoivungtau.com\/\",\"name\":\"Xe H\u01a1i V\u0169ng T\u00e0u\",\"description\":\"Garage s\u1eeda ch\u1eefa \u00f4 t\u00f4 chuy\u00ean nghi\u1ec7p\",\"publisher\":{\"@id\":\"https:\/\/xehoivungtau.com\/#organization\"},\"potentialAction\":[{\"@type\":\"SearchAction\",\"target\":{\"@type\":\"EntryPoint\",\"urlTemplate\":\"https:\/\/xehoivungtau.com\/?s={search_term_string}\"},\"query-input\":{\"@type\":\"PropertyValueSpecification\",\"valueRequired\":true,\"valueName\":\"search_term_string\"}}],\"inLanguage\":\"vi\"},{\"@type\":\"Organization\",\"@id\":\"https:\/\/xehoivungtau.com\/#organization\",\"name\":\"C\u00f4ng ty Xe H\u01a1i V\u0169ng T\u00e0u\",\"url\":\"https:\/\/xehoivungtau.com\/\",\"logo\":{\"@type\":\"ImageObject\",\"inLanguage\":\"vi\",\"@id\":\"https:\/\/xehoivungtau.com\/#\/schema\/logo\/image\/\",\"url\":\"https:\/\/xehoivungtau.com\/wp-content\/uploads\/2025\/02\/cropped-icon.png\",\"contentUrl\":\"https:\/\/xehoivungtau.com\/wp-content\/uploads\/2025\/02\/cropped-icon.png\",\"width\":512,\"height\":512,\"caption\":\"C\u00f4ng ty Xe H\u01a1i V\u0169ng T\u00e0u\"},\"image\":{\"@id\":\"https:\/\/xehoivungtau.com\/#\/schema\/logo\/image\/\"},\"sameAs\":[\"https:\/\/www.facebook.com\/xehoivungtau688\",\"https:\/\/x.com\/xehoivt\"]}]}<\/script>\n<!-- \/ Yoast SEO plugin. -->","yoast_head_json":{"title":"\u0110\u1eb6T L\u1ecaCH S\u1eecA CH\u1eeeA - Vung Tau Auto","robots":{"index":"index","follow":"follow","max-snippet":"max-snippet:-1","max-image-preview":"max-image-preview:large","max-video-preview":"max-video-preview:-1"},"canonical":"https:\/\/xehoivungtau.com\/?page_id=9","og_locale":"vi_VN","og_type":"article","og_title":"\u0110\u1eb6T L\u1ecaCH S\u1eecA CH\u1eeeA - Vung Tau Auto","og_description":"Xe c\u1ee7a Qu\u00fd kh\u00e1ch \u0111ang g\u1eb7p v\u1ea5n \u0111\u1ec1 g\u00ec? Xin h\u00e3y \u0111\u1ec3 l\u1ea1i th\u00f4ng tin \u0111\u1ec3 ch\u00fang t\u00f4i h\u1ed7 tr\u1ee3 Qu\u00fd kh\u00e1ch Ch\u1ecdn v\u1ea5n \u0111\u1ec1 Qu\u00fd kh\u00e1ch quan t\u00e2m:","og_url":"https:\/\/xehoivungtau.com\/?page_id=9","og_site_name":"Vung Tau Auto","article_publisher":"https:\/\/www.facebook.com\/xehoivungtau688","article_modified_time":"2025-02-18T03:41:30+00:00","twitter_card":"summary_large_image","twitter_site":"@xehoivt","schema":{"@context":"https:\/\/schema.org","@graph":[{"@type":"WebPage","@id":"https:\/\/xehoivungtau.com\/?page_id=9","url":"https:\/\/xehoivungtau.com\/?page_id=9","name":"\u0110\u1eb6T L\u1ecaCH S\u1eecA CH\u1eeeA - Vung Tau Auto","isPartOf":{"@id":"https:\/\/xehoivungtau.com\/#website"},"datePublished":"2025-02-12T09:14:41+00:00","dateModified":"2025-02-18T03:41:30+00:00","breadcrumb":{"@id":"https:\/\/xehoivungtau.com\/?page_id=9#breadcrumb"},"inLanguage":"vi","potentialAction":[{"@type":"ReadAction","target":["https:\/\/xehoivungtau.com\/?page_id=9"]}]},{"@type":"BreadcrumbList","@id":"https:\/\/xehoivungtau.com\/?page_id=9#breadcrumb","itemListElement":[{"@type":"ListItem","position":1,"name":"Trang ch\u1ee7","item":"https:\/\/xehoivungtau.com\/"},{"@type":"ListItem","position":2,"name":"\u0110\u1eb6T L\u1ecaCH S\u1eecA CH\u1eeeA"}]},{"@type":"WebSite","@id":"https:\/\/xehoivungtau.com\/#website","url":"https:\/\/xehoivungtau.com\/","name":"Xe H\u01a1i V\u0169ng T\u00e0u","description":"Garage s\u1eeda ch\u1eefa \u00f4 t\u00f4 chuy\u00ean nghi\u1ec7p","publisher":{"@id":"https:\/\/xehoivungtau.com\/#organization"},"potentialAction":[{"@type":"SearchAction","target":{"@type":"EntryPoint","urlTemplate":"https:\/\/xehoivungtau.com\/?s={search_term_string}"},"query-input":{"@type":"PropertyValueSpecification","valueRequired":true,"valueName":"search_term_string"}}],"inLanguage":"vi"},{"@type":"Organization","@id":"https:\/\/xehoivungtau.com\/#organization","name":"C\u00f4ng ty Xe H\u01a1i V\u0169ng T\u00e0u","url":"https:\/\/xehoivungtau.com\/","logo":{"@type":"ImageObject","inLanguage":"vi","@id":"https:\/\/xehoivungtau.com\/#\/schema\/logo\/image\/","url":"https:\/\/xehoivungtau.com\/wp-content\/uploads\/2025\/02\/cropped-icon.png","contentUrl":"https:\/\/xehoivungtau.com\/wp-content\/uploads\/2025\/02\/cropped-icon.png","width":512,"height":512,"caption":"C\u00f4ng ty Xe H\u01a1i V\u0169ng T\u00e0u"},"image":{"@id":"https:\/\/xehoivungtau.com\/#\/schema\/logo\/image\/"},"sameAs":["https:\/\/www.facebook.com\/xehoivungtau688","https:\/\/x.com\/xehoivt"]}]}},"_links":{"self":[{"href":"https:\/\/xehoivungtau.com\/index.php?rest_route=\/wp\/v2\/pages\/9","targetHints":{"allow":["GET"]}}],"collection":[{"href":"https:\/\/xehoivungtau.com\/index.php?rest_route=\/wp\/v2\/pages"}],"about":[{"href":"https:\/\/xehoivungtau.com\/index.php?rest_route=\/wp\/v2\/types\/page"}],"author":[{"embeddable":true,"href":"https:\/\/xehoivungtau.com\/index.php?rest_route=\/wp\/v2\/users\/1"}],"replies":[{"embeddable":true,"href":"https:\/\/xehoivungtau.com\/index.php?rest_route=%2Fwp%2Fv2%2Fcomments&post=9"}],"version-history":[{"count":7,"href":"https:\/\/xehoivungtau.com\/index.php?rest_route=\/wp\/v2\/pages\/9\/revisions"}],"predecessor-version":[{"id":58,"href":"https:\/\/xehoivungtau.com\/index.php?rest_route=\/wp\/v2\/pages\/9\/revisions\/58"}],"wp:attachment":[{"href":"https:\/\/xehoivungtau.com\/index.php?rest_route=%2Fwp%2Fv2%2Fmedia&parent=9"}],"curies":[{"name":"wp","href":"https:\/\/api.w.org\/{rel}","templated":true}]}}