{"id":54,"date":"2025-02-18T03:10:18","date_gmt":"2025-02-18T03:10:18","guid":{"rendered":"https:\/\/xehoivungtau.com\/?page_id=54"},"modified":"2025-02-18T03:10:18","modified_gmt":"2025-02-18T03:10:18","slug":"mam-lop","status":"publish","type":"page","link":"https:\/\/xehoivungtau.com\/?page_id=54","title":{"rendered":"M\u00c2M L\u1ed0P"},"content":{"rendered":"\n<p>M\u00e2m l\u1ed1p \u00f4 t\u00f4 l\u00e0 b\u1ed9 ph\u1eadn th\u01b0\u1eddng hay g\u1eb7p c\u00e1c v\u1ea5n \u0111\u1ec1 khi v\u1eadn h\u00e0nh xe th\u01b0\u1eddng xuy\u00ean. M\u00e2m xe l\u00e0 b\u1ed9 ph\u1eadn truy\u1ec1n l\u1ef1c t\u1edbi b\u00e1nh xe khi di chuy\u1ec3n v\u00ec th\u1ebf r\u1ea5t d\u1ec5 b\u1ecb bi\u1ebfn d\u1ea1ng, cong, tr\u1ea7y x\u01b0\u1edbc. L\u1ed1p xe l\u00e0 m\u1ed9t ph\u1ea7n c\u1ee7a h\u1ec7 th\u1ed1ng n\u00e2ng \u0111\u1ee1 to\u00e0n b\u1ed9 tr\u1ecdng l\u01b0\u1ee3ng c\u1ee7a xe \u00f4 t\u00f4, gi\u00fap xe ho\u1ea1t \u0111\u1ed9ng \u00eam \u00e1i. D\u01b0\u1edbi t\u00e1c \u0111\u1ed9ng l\u0103n b\u00e1nh nhi\u1ec1u v\u00e0 li\u00ean t\u1ee5c tr\u00ean m\u1eb7t \u0111\u01b0\u1eddng th\u00ec s\u1ebd m\u00f2n l\u1ed1p, th\u1ee7ng l\u1edbp,\u2026 \u0110\u00f3 l\u00e0 nh\u1eefng t\u00ecnh tr\u1ea1ng c\u01a1 b\u1ea3n ph\u1ea3i ti\u1ebfn h\u00e0nh s\u1eeda ch\u1eefa m\u00e2m l\u1ed1p \u00f4 t\u00f4.<\/p>\n","protected":false},"excerpt":{"rendered":"<p>M\u00e2m l\u1ed1p \u00f4 t\u00f4 l\u00e0 b\u1ed9 ph\u1eadn th\u01b0\u1eddng hay g\u1eb7p c\u00e1c v\u1ea5n \u0111\u1ec1 khi v\u1eadn h\u00e0nh xe th\u01b0\u1eddng xuy\u00ean. M\u00e2m xe l\u00e0 b\u1ed9 ph\u1eadn truy\u1ec1n l\u1ef1c t\u1edbi b\u00e1nh xe khi di chuy\u1ec3n v\u00ec th\u1ebf r\u1ea5t d\u1ec5 b\u1ecb bi\u1ebfn d\u1ea1ng, cong, tr\u1ea7y x\u01b0\u1edbc. L\u1ed1p xe l\u00e0 m\u1ed9t ph\u1ea7n c\u1ee7a h\u1ec7 th\u1ed1ng n\u00e2ng \u0111\u1ee1 to\u00e0n b\u1ed9 tr\u1ecdng&#8230; <\/p>\n","protected":false},"author":1,"featured_media":0,"parent":0,"menu_order":0,"comment_status":"closed","ping_status":"closed","template":"","meta":{"footnotes":""},"class_list":["post-54","page","type-page","status-publish","hentry"],"yoast_head":"<!-- This site is optimized with the Yoast SEO plugin v27.4 - https:\/\/yoast.com\/product\/yoast-seo-wordpress\/ -->\n<title>M\u00c2M L\u1ed0P - Vung Tau Auto<\/title>\n<meta name=\"robots\" content=\"index, follow, max-snippet:-1, max-image-preview:large, max-video-preview:-1\" \/>\n<link rel=\"canonical\" href=\"https:\/\/xehoivungtau.com\/?page_id=54\" \/>\n<meta property=\"og:locale\" content=\"vi_VN\" \/>\n<meta property=\"og:type\" content=\"article\" \/>\n<meta property=\"og:title\" content=\"M\u00c2M L\u1ed0P - Vung Tau Auto\" \/>\n<meta property=\"og:description\" content=\"M\u00e2m l\u1ed1p \u00f4 t\u00f4 l\u00e0 b\u1ed9 ph\u1eadn th\u01b0\u1eddng hay g\u1eb7p c\u00e1c v\u1ea5n \u0111\u1ec1 khi v\u1eadn h\u00e0nh xe th\u01b0\u1eddng xuy\u00ean. M\u00e2m xe l\u00e0 b\u1ed9 ph\u1eadn truy\u1ec1n l\u1ef1c t\u1edbi b\u00e1nh xe khi di chuy\u1ec3n v\u00ec th\u1ebf r\u1ea5t d\u1ec5 b\u1ecb bi\u1ebfn d\u1ea1ng, cong, tr\u1ea7y x\u01b0\u1edbc. L\u1ed1p xe l\u00e0 m\u1ed9t ph\u1ea7n c\u1ee7a h\u1ec7 th\u1ed1ng n\u00e2ng \u0111\u1ee1 to\u00e0n b\u1ed9 tr\u1ecdng...\" \/>\n<meta property=\"og:url\" content=\"https:\/\/xehoivungtau.com\/?page_id=54\" \/>\n<meta property=\"og:site_name\" content=\"Vung Tau Auto\" \/>\n<meta property=\"article:publisher\" content=\"https:\/\/www.facebook.com\/xehoivungtau688\" \/>\n<meta name=\"twitter:card\" content=\"summary_large_image\" \/>\n<meta name=\"twitter:site\" content=\"@xehoivt\" \/>\n<meta name=\"twitter:label1\" content=\"\u01af\u1edbc t\u00ednh th\u1eddi gian \u0111\u1ecdc\" \/>\n\t<meta name=\"twitter:data1\" content=\"1 ph\u00fat\" \/>\n<script type=\"application\/ld+json\" class=\"yoast-schema-graph\">{\"@context\":\"https:\\\/\\\/schema.org\",\"@graph\":[{\"@type\":\"WebPage\",\"@id\":\"https:\\\/\\\/xehoivungtau.com\\\/?page_id=54\",\"url\":\"https:\\\/\\\/xehoivungtau.com\\\/?page_id=54\",\"name\":\"M\u00c2M L\u1ed0P - Vung Tau Auto\",\"isPartOf\":{\"@id\":\"https:\\\/\\\/xehoivungtau.com\\\/#website\"},\"datePublished\":\"2025-02-18T03:10:18+00:00\",\"breadcrumb\":{\"@id\":\"https:\\\/\\\/xehoivungtau.com\\\/?page_id=54#breadcrumb\"},\"inLanguage\":\"vi\",\"potentialAction\":[{\"@type\":\"ReadAction\",\"target\":[\"https:\\\/\\\/xehoivungtau.com\\\/?page_id=54\"]}]},{\"@type\":\"BreadcrumbList\",\"@id\":\"https:\\\/\\\/xehoivungtau.com\\\/?page_id=54#breadcrumb\",\"itemListElement\":[{\"@type\":\"ListItem\",\"position\":1,\"name\":\"Trang ch\u1ee7\",\"item\":\"https:\\\/\\\/xehoivungtau.com\\\/\"},{\"@type\":\"ListItem\",\"position\":2,\"name\":\"M\u00c2M L\u1ed0P\"}]},{\"@type\":\"WebSite\",\"@id\":\"https:\\\/\\\/xehoivungtau.com\\\/#website\",\"url\":\"https:\\\/\\\/xehoivungtau.com\\\/\",\"name\":\"Xe H\u01a1i V\u0169ng T\u00e0u\",\"description\":\"Garage s\u1eeda ch\u1eefa \u00f4 t\u00f4 chuy\u00ean nghi\u1ec7p\",\"publisher\":{\"@id\":\"https:\\\/\\\/xehoivungtau.com\\\/#organization\"},\"potentialAction\":[{\"@type\":\"SearchAction\",\"target\":{\"@type\":\"EntryPoint\",\"urlTemplate\":\"https:\\\/\\\/xehoivungtau.com\\\/?s={search_term_string}\"},\"query-input\":{\"@type\":\"PropertyValueSpecification\",\"valueRequired\":true,\"valueName\":\"search_term_string\"}}],\"inLanguage\":\"vi\"},{\"@type\":\"Organization\",\"@id\":\"https:\\\/\\\/xehoivungtau.com\\\/#organization\",\"name\":\"C\u00f4ng ty Xe H\u01a1i V\u0169ng T\u00e0u\",\"url\":\"https:\\\/\\\/xehoivungtau.com\\\/\",\"logo\":{\"@type\":\"ImageObject\",\"inLanguage\":\"vi\",\"@id\":\"https:\\\/\\\/xehoivungtau.com\\\/#\\\/schema\\\/logo\\\/image\\\/\",\"url\":\"https:\\\/\\\/xehoivungtau.com\\\/wp-content\\\/uploads\\\/2025\\\/02\\\/cropped-icon.png\",\"contentUrl\":\"https:\\\/\\\/xehoivungtau.com\\\/wp-content\\\/uploads\\\/2025\\\/02\\\/cropped-icon.png\",\"width\":512,\"height\":512,\"caption\":\"C\u00f4ng ty Xe H\u01a1i V\u0169ng T\u00e0u\"},\"image\":{\"@id\":\"https:\\\/\\\/xehoivungtau.com\\\/#\\\/schema\\\/logo\\\/image\\\/\"},\"sameAs\":[\"https:\\\/\\\/www.facebook.com\\\/xehoivungtau688\",\"https:\\\/\\\/x.com\\\/xehoivt\"]}]}<\/script>\n<!-- \/ Yoast SEO plugin. -->","yoast_head_json":{"title":"M\u00c2M L\u1ed0P - Vung Tau Auto","robots":{"index":"index","follow":"follow","max-snippet":"max-snippet:-1","max-image-preview":"max-image-preview:large","max-video-preview":"max-video-preview:-1"},"canonical":"https:\/\/xehoivungtau.com\/?page_id=54","og_locale":"vi_VN","og_type":"article","og_title":"M\u00c2M L\u1ed0P - Vung Tau Auto","og_description":"M\u00e2m l\u1ed1p \u00f4 t\u00f4 l\u00e0 b\u1ed9 ph\u1eadn th\u01b0\u1eddng hay g\u1eb7p c\u00e1c v\u1ea5n \u0111\u1ec1 khi v\u1eadn h\u00e0nh xe th\u01b0\u1eddng xuy\u00ean. M\u00e2m xe l\u00e0 b\u1ed9 ph\u1eadn truy\u1ec1n l\u1ef1c t\u1edbi b\u00e1nh xe khi di chuy\u1ec3n v\u00ec th\u1ebf r\u1ea5t d\u1ec5 b\u1ecb bi\u1ebfn d\u1ea1ng, cong, tr\u1ea7y x\u01b0\u1edbc. L\u1ed1p xe l\u00e0 m\u1ed9t ph\u1ea7n c\u1ee7a h\u1ec7 th\u1ed1ng n\u00e2ng \u0111\u1ee1 to\u00e0n b\u1ed9 tr\u1ecdng...","og_url":"https:\/\/xehoivungtau.com\/?page_id=54","og_site_name":"Vung Tau Auto","article_publisher":"https:\/\/www.facebook.com\/xehoivungtau688","twitter_card":"summary_large_image","twitter_site":"@xehoivt","twitter_misc":{"\u01af\u1edbc t\u00ednh th\u1eddi gian \u0111\u1ecdc":"1 ph\u00fat"},"schema":{"@context":"https:\/\/schema.org","@graph":[{"@type":"WebPage","@id":"https:\/\/xehoivungtau.com\/?page_id=54","url":"https:\/\/xehoivungtau.com\/?page_id=54","name":"M\u00c2M L\u1ed0P - Vung Tau Auto","isPartOf":{"@id":"https:\/\/xehoivungtau.com\/#website"},"datePublished":"2025-02-18T03:10:18+00:00","breadcrumb":{"@id":"https:\/\/xehoivungtau.com\/?page_id=54#breadcrumb"},"inLanguage":"vi","potentialAction":[{"@type":"ReadAction","target":["https:\/\/xehoivungtau.com\/?page_id=54"]}]},{"@type":"BreadcrumbList","@id":"https:\/\/xehoivungtau.com\/?page_id=54#breadcrumb","itemListElement":[{"@type":"ListItem","position":1,"name":"Trang ch\u1ee7","item":"https:\/\/xehoivungtau.com\/"},{"@type":"ListItem","position":2,"name":"M\u00c2M L\u1ed0P"}]},{"@type":"WebSite","@id":"https:\/\/xehoivungtau.com\/#website","url":"https:\/\/xehoivungtau.com\/","name":"Xe H\u01a1i V\u0169ng T\u00e0u","description":"Garage s\u1eeda ch\u1eefa \u00f4 t\u00f4 chuy\u00ean nghi\u1ec7p","publisher":{"@id":"https:\/\/xehoivungtau.com\/#organization"},"potentialAction":[{"@type":"SearchAction","target":{"@type":"EntryPoint","urlTemplate":"https:\/\/xehoivungtau.com\/?s={search_term_string}"},"query-input":{"@type":"PropertyValueSpecification","valueRequired":true,"valueName":"search_term_string"}}],"inLanguage":"vi"},{"@type":"Organization","@id":"https:\/\/xehoivungtau.com\/#organization","name":"C\u00f4ng ty Xe H\u01a1i V\u0169ng T\u00e0u","url":"https:\/\/xehoivungtau.com\/","logo":{"@type":"ImageObject","inLanguage":"vi","@id":"https:\/\/xehoivungtau.com\/#\/schema\/logo\/image\/","url":"https:\/\/xehoivungtau.com\/wp-content\/uploads\/2025\/02\/cropped-icon.png","contentUrl":"https:\/\/xehoivungtau.com\/wp-content\/uploads\/2025\/02\/cropped-icon.png","width":512,"height":512,"caption":"C\u00f4ng ty Xe H\u01a1i V\u0169ng T\u00e0u"},"image":{"@id":"https:\/\/xehoivungtau.com\/#\/schema\/logo\/image\/"},"sameAs":["https:\/\/www.facebook.com\/xehoivungtau688","https:\/\/x.com\/xehoivt"]}]}},"_links":{"self":[{"href":"https:\/\/xehoivungtau.com\/index.php?rest_route=\/wp\/v2\/pages\/54","targetHints":{"allow":["GET"]}}],"collection":[{"href":"https:\/\/xehoivungtau.com\/index.php?rest_route=\/wp\/v2\/pages"}],"about":[{"href":"https:\/\/xehoivungtau.com\/index.php?rest_route=\/wp\/v2\/types\/page"}],"author":[{"embeddable":true,"href":"https:\/\/xehoivungtau.com\/index.php?rest_route=\/wp\/v2\/users\/1"}],"replies":[{"embeddable":true,"href":"https:\/\/xehoivungtau.com\/index.php?rest_route=%2Fwp%2Fv2%2Fcomments&post=54"}],"version-history":[{"count":1,"href":"https:\/\/xehoivungtau.com\/index.php?rest_route=\/wp\/v2\/pages\/54\/revisions"}],"predecessor-version":[{"id":55,"href":"https:\/\/xehoivungtau.com\/index.php?rest_route=\/wp\/v2\/pages\/54\/revisions\/55"}],"wp:attachment":[{"href":"https:\/\/xehoivungtau.com\/index.php?rest_route=%2Fwp%2Fv2%2Fmedia&parent=54"}],"curies":[{"name":"wp","href":"https:\/\/api.w.org\/{rel}","templated":true}]}}