{"id":49,"date":"2025-02-18T02:21:28","date_gmt":"2025-02-18T02:21:28","guid":{"rendered":"https:\/\/xehoivungtau.com\/?page_id=49"},"modified":"2025-02-18T02:21:28","modified_gmt":"2025-02-18T02:21:28","slug":"cham-soc-xe","status":"publish","type":"page","link":"https:\/\/xehoivungtau.com\/?page_id=49","title":{"rendered":"CH\u0102M S\u00d3C XE"},"content":{"rendered":"\n<p>T\u00ecnh tr\u1ea1ng xu\u1ed1ng c\u1ea5p c\u1ee7a c\u00e1c xe \u00f4 t\u00f4 t\u1ea1i Vi\u1ec7t Nam \u0111ang di\u1ec5n ra nhanh h\u01a1n r\u1ea5t nhi\u1ec1u so v\u1edbi c\u00e1c qu\u1ed1c gia kh\u00e1c. \u0110i\u1ec1u n\u00e0y c\u00f3 th\u1ec3 \u0111\u01b0\u1ee3c gi\u1ea3i th\u00edch b\u1edfi m\u1ed9t s\u1ed1 nguy\u00ean nh\u00e2n, bao g\u1ed3m vi\u1ec7c s\u1eed d\u1ee5ng v\u00e0 ch\u0103m s\u00f3c xe kh\u00f4ng \u0111\u00fang c\u00e1ch, ch\u1ea5t l\u01b0\u1ee3ng x\u0103ng d\u1ea7u k\u00e9m, m\u00f4i tr\u01b0\u1eddng l\u00e1i xe kh\u1eafc nghi\u1ec7t v\u00e0 th\u00f3i quen c\u1ee7a nhi\u1ec1u ng\u01b0\u1eddi.<\/p>\n\n\n\n<p>Ch\u0103m s\u00f3c xe \u00f4 t\u00f4 l\u00e0 m\u1ed9t qu\u00e1 tr\u00ecnh d\u00e0i, r\u1ea5t quan tr\u1ecdng v\u00e0 mang l\u1ea1i nhi\u1ec1u l\u1ee3i \u00edch v\u1ec1 m\u1eb7t th\u1ea9m m\u1ef9, hi\u1ec7u su\u1ea5t, t\u00ednh an to\u00e0n v\u00e0 kinh t\u1ebf. Tu\u00e2n th\u1ee7 theo l\u1ecbch ch\u0103m s\u00f3c c\u0169ng gi\u1ed1ng nh\u01b0 l\u1ecbch b\u1ea3o d\u01b0\u1ee1ng \u0111\u1ecbnh k\u1ef3, b\u1ea1n s\u1ebd kh\u00f4ng ph\u1ea3i lo l\u1eafng m\u1ed7i khi xe g\u1eb7p ph\u1ea3i v\u1ea5n \u0111\u1ec1 nh\u1ecf l\u1ebb n\u00e0o nghi\u00eam tr\u1ecdng, \u1ea3nh h\u01b0\u1edfng \u0111\u1ebfn v\u1ebb ngo\u00e0i c\u1ee7a chi\u1ebfc xe.<\/p>\n","protected":false},"excerpt":{"rendered":"<p>T\u00ecnh tr\u1ea1ng xu\u1ed1ng c\u1ea5p c\u1ee7a c\u00e1c xe \u00f4 t\u00f4 t\u1ea1i Vi\u1ec7t Nam \u0111ang di\u1ec5n ra nhanh h\u01a1n r\u1ea5t nhi\u1ec1u so v\u1edbi c\u00e1c qu\u1ed1c gia kh\u00e1c. \u0110i\u1ec1u n\u00e0y c\u00f3 th\u1ec3 \u0111\u01b0\u1ee3c gi\u1ea3i th\u00edch b\u1edfi m\u1ed9t s\u1ed1 nguy\u00ean nh\u00e2n, bao g\u1ed3m vi\u1ec7c s\u1eed d\u1ee5ng v\u00e0 ch\u0103m s\u00f3c xe kh\u00f4ng \u0111\u00fang c\u00e1ch, ch\u1ea5t l\u01b0\u1ee3ng x\u0103ng d\u1ea7u k\u00e9m, m\u00f4i&#8230; <\/p>\n","protected":false},"author":1,"featured_media":0,"parent":0,"menu_order":0,"comment_status":"closed","ping_status":"closed","template":"","meta":{"footnotes":""},"class_list":["post-49","page","type-page","status-publish","hentry"],"yoast_head":"<!-- This site is optimized with the Yoast SEO plugin v27.4 - https:\/\/yoast.com\/product\/yoast-seo-wordpress\/ -->\n<title>CH\u0102M S\u00d3C XE - Vung Tau Auto<\/title>\n<meta name=\"robots\" content=\"index, follow, max-snippet:-1, max-image-preview:large, max-video-preview:-1\" \/>\n<link rel=\"canonical\" href=\"https:\/\/xehoivungtau.com\/?page_id=49\" \/>\n<meta property=\"og:locale\" content=\"vi_VN\" \/>\n<meta property=\"og:type\" content=\"article\" \/>\n<meta property=\"og:title\" content=\"CH\u0102M S\u00d3C XE - Vung Tau Auto\" \/>\n<meta property=\"og:description\" content=\"T\u00ecnh tr\u1ea1ng xu\u1ed1ng c\u1ea5p c\u1ee7a c\u00e1c xe \u00f4 t\u00f4 t\u1ea1i Vi\u1ec7t Nam \u0111ang di\u1ec5n ra nhanh h\u01a1n r\u1ea5t nhi\u1ec1u so v\u1edbi c\u00e1c qu\u1ed1c gia kh\u00e1c. \u0110i\u1ec1u n\u00e0y c\u00f3 th\u1ec3 \u0111\u01b0\u1ee3c gi\u1ea3i th\u00edch b\u1edfi m\u1ed9t s\u1ed1 nguy\u00ean nh\u00e2n, bao g\u1ed3m vi\u1ec7c s\u1eed d\u1ee5ng v\u00e0 ch\u0103m s\u00f3c xe kh\u00f4ng \u0111\u00fang c\u00e1ch, ch\u1ea5t l\u01b0\u1ee3ng x\u0103ng d\u1ea7u k\u00e9m, m\u00f4i...\" \/>\n<meta property=\"og:url\" content=\"https:\/\/xehoivungtau.com\/?page_id=49\" \/>\n<meta property=\"og:site_name\" content=\"Vung Tau Auto\" \/>\n<meta property=\"article:publisher\" content=\"https:\/\/www.facebook.com\/xehoivungtau688\" \/>\n<meta name=\"twitter:card\" content=\"summary_large_image\" \/>\n<meta name=\"twitter:site\" content=\"@xehoivt\" \/>\n<meta name=\"twitter:label1\" content=\"\u01af\u1edbc t\u00ednh th\u1eddi gian \u0111\u1ecdc\" \/>\n\t<meta name=\"twitter:data1\" content=\"1 ph\u00fat\" \/>\n<script type=\"application\/ld+json\" class=\"yoast-schema-graph\">{\"@context\":\"https:\\\/\\\/schema.org\",\"@graph\":[{\"@type\":\"WebPage\",\"@id\":\"https:\\\/\\\/xehoivungtau.com\\\/?page_id=49\",\"url\":\"https:\\\/\\\/xehoivungtau.com\\\/?page_id=49\",\"name\":\"CH\u0102M S\u00d3C XE - Vung Tau Auto\",\"isPartOf\":{\"@id\":\"https:\\\/\\\/xehoivungtau.com\\\/#website\"},\"datePublished\":\"2025-02-18T02:21:28+00:00\",\"breadcrumb\":{\"@id\":\"https:\\\/\\\/xehoivungtau.com\\\/?page_id=49#breadcrumb\"},\"inLanguage\":\"vi\",\"potentialAction\":[{\"@type\":\"ReadAction\",\"target\":[\"https:\\\/\\\/xehoivungtau.com\\\/?page_id=49\"]}]},{\"@type\":\"BreadcrumbList\",\"@id\":\"https:\\\/\\\/xehoivungtau.com\\\/?page_id=49#breadcrumb\",\"itemListElement\":[{\"@type\":\"ListItem\",\"position\":1,\"name\":\"Trang ch\u1ee7\",\"item\":\"https:\\\/\\\/xehoivungtau.com\\\/\"},{\"@type\":\"ListItem\",\"position\":2,\"name\":\"CH\u0102M S\u00d3C XE\"}]},{\"@type\":\"WebSite\",\"@id\":\"https:\\\/\\\/xehoivungtau.com\\\/#website\",\"url\":\"https:\\\/\\\/xehoivungtau.com\\\/\",\"name\":\"Xe H\u01a1i V\u0169ng T\u00e0u\",\"description\":\"Garage s\u1eeda ch\u1eefa \u00f4 t\u00f4 chuy\u00ean nghi\u1ec7p\",\"publisher\":{\"@id\":\"https:\\\/\\\/xehoivungtau.com\\\/#organization\"},\"potentialAction\":[{\"@type\":\"SearchAction\",\"target\":{\"@type\":\"EntryPoint\",\"urlTemplate\":\"https:\\\/\\\/xehoivungtau.com\\\/?s={search_term_string}\"},\"query-input\":{\"@type\":\"PropertyValueSpecification\",\"valueRequired\":true,\"valueName\":\"search_term_string\"}}],\"inLanguage\":\"vi\"},{\"@type\":\"Organization\",\"@id\":\"https:\\\/\\\/xehoivungtau.com\\\/#organization\",\"name\":\"C\u00f4ng ty Xe H\u01a1i V\u0169ng T\u00e0u\",\"url\":\"https:\\\/\\\/xehoivungtau.com\\\/\",\"logo\":{\"@type\":\"ImageObject\",\"inLanguage\":\"vi\",\"@id\":\"https:\\\/\\\/xehoivungtau.com\\\/#\\\/schema\\\/logo\\\/image\\\/\",\"url\":\"https:\\\/\\\/xehoivungtau.com\\\/wp-content\\\/uploads\\\/2025\\\/02\\\/cropped-icon.png\",\"contentUrl\":\"https:\\\/\\\/xehoivungtau.com\\\/wp-content\\\/uploads\\\/2025\\\/02\\\/cropped-icon.png\",\"width\":512,\"height\":512,\"caption\":\"C\u00f4ng ty Xe H\u01a1i V\u0169ng T\u00e0u\"},\"image\":{\"@id\":\"https:\\\/\\\/xehoivungtau.com\\\/#\\\/schema\\\/logo\\\/image\\\/\"},\"sameAs\":[\"https:\\\/\\\/www.facebook.com\\\/xehoivungtau688\",\"https:\\\/\\\/x.com\\\/xehoivt\"]}]}<\/script>\n<!-- \/ Yoast SEO plugin. -->","yoast_head_json":{"title":"CH\u0102M S\u00d3C XE - Vung Tau Auto","robots":{"index":"index","follow":"follow","max-snippet":"max-snippet:-1","max-image-preview":"max-image-preview:large","max-video-preview":"max-video-preview:-1"},"canonical":"https:\/\/xehoivungtau.com\/?page_id=49","og_locale":"vi_VN","og_type":"article","og_title":"CH\u0102M S\u00d3C XE - Vung Tau Auto","og_description":"T\u00ecnh tr\u1ea1ng xu\u1ed1ng c\u1ea5p c\u1ee7a c\u00e1c xe \u00f4 t\u00f4 t\u1ea1i Vi\u1ec7t Nam \u0111ang di\u1ec5n ra nhanh h\u01a1n r\u1ea5t nhi\u1ec1u so v\u1edbi c\u00e1c qu\u1ed1c gia kh\u00e1c. \u0110i\u1ec1u n\u00e0y c\u00f3 th\u1ec3 \u0111\u01b0\u1ee3c gi\u1ea3i th\u00edch b\u1edfi m\u1ed9t s\u1ed1 nguy\u00ean nh\u00e2n, bao g\u1ed3m vi\u1ec7c s\u1eed d\u1ee5ng v\u00e0 ch\u0103m s\u00f3c xe kh\u00f4ng \u0111\u00fang c\u00e1ch, ch\u1ea5t l\u01b0\u1ee3ng x\u0103ng d\u1ea7u k\u00e9m, m\u00f4i...","og_url":"https:\/\/xehoivungtau.com\/?page_id=49","og_site_name":"Vung Tau Auto","article_publisher":"https:\/\/www.facebook.com\/xehoivungtau688","twitter_card":"summary_large_image","twitter_site":"@xehoivt","twitter_misc":{"\u01af\u1edbc t\u00ednh th\u1eddi gian \u0111\u1ecdc":"1 ph\u00fat"},"schema":{"@context":"https:\/\/schema.org","@graph":[{"@type":"WebPage","@id":"https:\/\/xehoivungtau.com\/?page_id=49","url":"https:\/\/xehoivungtau.com\/?page_id=49","name":"CH\u0102M S\u00d3C XE - Vung Tau Auto","isPartOf":{"@id":"https:\/\/xehoivungtau.com\/#website"},"datePublished":"2025-02-18T02:21:28+00:00","breadcrumb":{"@id":"https:\/\/xehoivungtau.com\/?page_id=49#breadcrumb"},"inLanguage":"vi","potentialAction":[{"@type":"ReadAction","target":["https:\/\/xehoivungtau.com\/?page_id=49"]}]},{"@type":"BreadcrumbList","@id":"https:\/\/xehoivungtau.com\/?page_id=49#breadcrumb","itemListElement":[{"@type":"ListItem","position":1,"name":"Trang ch\u1ee7","item":"https:\/\/xehoivungtau.com\/"},{"@type":"ListItem","position":2,"name":"CH\u0102M S\u00d3C XE"}]},{"@type":"WebSite","@id":"https:\/\/xehoivungtau.com\/#website","url":"https:\/\/xehoivungtau.com\/","name":"Xe H\u01a1i V\u0169ng T\u00e0u","description":"Garage s\u1eeda ch\u1eefa \u00f4 t\u00f4 chuy\u00ean nghi\u1ec7p","publisher":{"@id":"https:\/\/xehoivungtau.com\/#organization"},"potentialAction":[{"@type":"SearchAction","target":{"@type":"EntryPoint","urlTemplate":"https:\/\/xehoivungtau.com\/?s={search_term_string}"},"query-input":{"@type":"PropertyValueSpecification","valueRequired":true,"valueName":"search_term_string"}}],"inLanguage":"vi"},{"@type":"Organization","@id":"https:\/\/xehoivungtau.com\/#organization","name":"C\u00f4ng ty Xe H\u01a1i V\u0169ng T\u00e0u","url":"https:\/\/xehoivungtau.com\/","logo":{"@type":"ImageObject","inLanguage":"vi","@id":"https:\/\/xehoivungtau.com\/#\/schema\/logo\/image\/","url":"https:\/\/xehoivungtau.com\/wp-content\/uploads\/2025\/02\/cropped-icon.png","contentUrl":"https:\/\/xehoivungtau.com\/wp-content\/uploads\/2025\/02\/cropped-icon.png","width":512,"height":512,"caption":"C\u00f4ng ty Xe H\u01a1i V\u0169ng T\u00e0u"},"image":{"@id":"https:\/\/xehoivungtau.com\/#\/schema\/logo\/image\/"},"sameAs":["https:\/\/www.facebook.com\/xehoivungtau688","https:\/\/x.com\/xehoivt"]}]}},"_links":{"self":[{"href":"https:\/\/xehoivungtau.com\/index.php?rest_route=\/wp\/v2\/pages\/49","targetHints":{"allow":["GET"]}}],"collection":[{"href":"https:\/\/xehoivungtau.com\/index.php?rest_route=\/wp\/v2\/pages"}],"about":[{"href":"https:\/\/xehoivungtau.com\/index.php?rest_route=\/wp\/v2\/types\/page"}],"author":[{"embeddable":true,"href":"https:\/\/xehoivungtau.com\/index.php?rest_route=\/wp\/v2\/users\/1"}],"replies":[{"embeddable":true,"href":"https:\/\/xehoivungtau.com\/index.php?rest_route=%2Fwp%2Fv2%2Fcomments&post=49"}],"version-history":[{"count":1,"href":"https:\/\/xehoivungtau.com\/index.php?rest_route=\/wp\/v2\/pages\/49\/revisions"}],"predecessor-version":[{"id":50,"href":"https:\/\/xehoivungtau.com\/index.php?rest_route=\/wp\/v2\/pages\/49\/revisions\/50"}],"wp:attachment":[{"href":"https:\/\/xehoivungtau.com\/index.php?rest_route=%2Fwp%2Fv2%2Fmedia&parent=49"}],"curies":[{"name":"wp","href":"https:\/\/api.w.org\/{rel}","templated":true}]}}