{"id":43,"date":"2025-02-17T07:44:08","date_gmt":"2025-02-17T07:44:08","guid":{"rendered":"https:\/\/xehoivungtau.com\/?page_id=43"},"modified":"2025-02-17T07:44:08","modified_gmt":"2025-02-17T07:44:08","slug":"dong-son","status":"publish","type":"page","link":"https:\/\/xehoivungtau.com\/?page_id=43","title":{"rendered":"\u0110\u1ed2NG S\u01a0N"},"content":{"rendered":"\n<p>L\u00e0 k\u1ef9 thu\u1eadt \u0111\u01b0\u1ee3c \u00e1p d\u1ee5ng gi\u00fap s\u1eeda ch\u1eefa, ph\u1ee5c h\u1ed3i l\u1edbp v\u1ecf b\u00ean ngo\u00e0i c\u1ee7a \u00f4 t\u00f4 tr\u1edf v\u1ec1 tr\u1ea1ng th\u00e1i nh\u01b0 ban \u0111\u1ea7u khi xe b\u1ecb tr\u1ea7y x\u01b0\u1edbc n\u1eb7ng ho\u1eb7c l\u1edbp s\u01a1n \u0111\u00e3 xu\u1ed1ng c\u1ea5p.<\/p>\n\n\n\n<ul class=\"wp-block-list\">\n<li>L\u00e0m \u0111\u1ed3ng: L\u00e0 c\u00e1c b\u01b0\u1edbc g\u00f2, ch\u00e0, n\u1eafn k\u00e9o,\u2026 gi\u00fap ph\u1ea7n v\u1ecf \u00f4 t\u00f4 tr\u1edf l\u1ea1i h\u00ecnh d\u1ea1ng ban \u0111\u1ea7u.<\/li>\n\n\n\n<li>L\u00e0m s\u01a1n: Can thi\u1ec7p v\u00e0o t\u1eebng l\u1edbp s\u01a1n, t\u1eebng chi ti\u1ebft nh\u1ecf \u0111\u1ec3 \u0111em l\u1ea1i m\u00e0u s\u01a1n chu\u1ea9n x\u00e1c, c\u00f3 \u0111\u1ed9 m\u1ecbn v\u00e0 b\u00f3ng nh\u01b0 s\u01a1n g\u1ed1c.<\/li>\n<\/ul>\n","protected":false},"excerpt":{"rendered":"<p>L\u00e0 k\u1ef9 thu\u1eadt \u0111\u01b0\u1ee3c \u00e1p d\u1ee5ng gi\u00fap s\u1eeda ch\u1eefa, ph\u1ee5c h\u1ed3i l\u1edbp v\u1ecf b\u00ean ngo\u00e0i c\u1ee7a \u00f4 t\u00f4 tr\u1edf v\u1ec1 tr\u1ea1ng th\u00e1i nh\u01b0 ban \u0111\u1ea7u khi xe b\u1ecb tr\u1ea7y x\u01b0\u1edbc n\u1eb7ng ho\u1eb7c l\u1edbp s\u01a1n \u0111\u00e3 xu\u1ed1ng c\u1ea5p.<\/p>\n","protected":false},"author":1,"featured_media":0,"parent":0,"menu_order":0,"comment_status":"closed","ping_status":"closed","template":"","meta":{"footnotes":""},"class_list":["post-43","page","type-page","status-publish","hentry"],"yoast_head":"<!-- This site is optimized with the Yoast SEO plugin v27.4 - https:\/\/yoast.com\/product\/yoast-seo-wordpress\/ -->\n<title>\u0110\u1ed2NG S\u01a0N - Vung Tau Auto<\/title>\n<meta name=\"robots\" content=\"index, follow, max-snippet:-1, max-image-preview:large, max-video-preview:-1\" \/>\n<link rel=\"canonical\" href=\"https:\/\/xehoivungtau.com\/?page_id=43\" \/>\n<meta property=\"og:locale\" content=\"vi_VN\" \/>\n<meta property=\"og:type\" content=\"article\" \/>\n<meta property=\"og:title\" content=\"\u0110\u1ed2NG S\u01a0N - Vung Tau Auto\" \/>\n<meta property=\"og:description\" content=\"L\u00e0 k\u1ef9 thu\u1eadt \u0111\u01b0\u1ee3c \u00e1p d\u1ee5ng gi\u00fap s\u1eeda ch\u1eefa, ph\u1ee5c h\u1ed3i l\u1edbp v\u1ecf b\u00ean ngo\u00e0i c\u1ee7a \u00f4 t\u00f4 tr\u1edf v\u1ec1 tr\u1ea1ng th\u00e1i nh\u01b0 ban \u0111\u1ea7u khi xe b\u1ecb tr\u1ea7y x\u01b0\u1edbc n\u1eb7ng ho\u1eb7c l\u1edbp s\u01a1n \u0111\u00e3 xu\u1ed1ng c\u1ea5p.\" \/>\n<meta property=\"og:url\" content=\"https:\/\/xehoivungtau.com\/?page_id=43\" \/>\n<meta property=\"og:site_name\" content=\"Vung Tau Auto\" \/>\n<meta property=\"article:publisher\" content=\"https:\/\/www.facebook.com\/xehoivungtau688\" \/>\n<meta name=\"twitter:card\" content=\"summary_large_image\" \/>\n<meta name=\"twitter:site\" content=\"@xehoivt\" \/>\n<meta name=\"twitter:label1\" content=\"\u01af\u1edbc t\u00ednh th\u1eddi gian \u0111\u1ecdc\" \/>\n\t<meta name=\"twitter:data1\" content=\"1 ph\u00fat\" \/>\n<script type=\"application\/ld+json\" class=\"yoast-schema-graph\">{\"@context\":\"https:\\\/\\\/schema.org\",\"@graph\":[{\"@type\":\"WebPage\",\"@id\":\"https:\\\/\\\/xehoivungtau.com\\\/?page_id=43\",\"url\":\"https:\\\/\\\/xehoivungtau.com\\\/?page_id=43\",\"name\":\"\u0110\u1ed2NG S\u01a0N - Vung Tau Auto\",\"isPartOf\":{\"@id\":\"https:\\\/\\\/xehoivungtau.com\\\/#website\"},\"datePublished\":\"2025-02-17T07:44:08+00:00\",\"breadcrumb\":{\"@id\":\"https:\\\/\\\/xehoivungtau.com\\\/?page_id=43#breadcrumb\"},\"inLanguage\":\"vi\",\"potentialAction\":[{\"@type\":\"ReadAction\",\"target\":[\"https:\\\/\\\/xehoivungtau.com\\\/?page_id=43\"]}]},{\"@type\":\"BreadcrumbList\",\"@id\":\"https:\\\/\\\/xehoivungtau.com\\\/?page_id=43#breadcrumb\",\"itemListElement\":[{\"@type\":\"ListItem\",\"position\":1,\"name\":\"Trang ch\u1ee7\",\"item\":\"https:\\\/\\\/xehoivungtau.com\\\/\"},{\"@type\":\"ListItem\",\"position\":2,\"name\":\"\u0110\u1ed2NG S\u01a0N\"}]},{\"@type\":\"WebSite\",\"@id\":\"https:\\\/\\\/xehoivungtau.com\\\/#website\",\"url\":\"https:\\\/\\\/xehoivungtau.com\\\/\",\"name\":\"Xe H\u01a1i V\u0169ng T\u00e0u\",\"description\":\"Garage s\u1eeda ch\u1eefa \u00f4 t\u00f4 chuy\u00ean nghi\u1ec7p\",\"publisher\":{\"@id\":\"https:\\\/\\\/xehoivungtau.com\\\/#organization\"},\"potentialAction\":[{\"@type\":\"SearchAction\",\"target\":{\"@type\":\"EntryPoint\",\"urlTemplate\":\"https:\\\/\\\/xehoivungtau.com\\\/?s={search_term_string}\"},\"query-input\":{\"@type\":\"PropertyValueSpecification\",\"valueRequired\":true,\"valueName\":\"search_term_string\"}}],\"inLanguage\":\"vi\"},{\"@type\":\"Organization\",\"@id\":\"https:\\\/\\\/xehoivungtau.com\\\/#organization\",\"name\":\"C\u00f4ng ty Xe H\u01a1i V\u0169ng T\u00e0u\",\"url\":\"https:\\\/\\\/xehoivungtau.com\\\/\",\"logo\":{\"@type\":\"ImageObject\",\"inLanguage\":\"vi\",\"@id\":\"https:\\\/\\\/xehoivungtau.com\\\/#\\\/schema\\\/logo\\\/image\\\/\",\"url\":\"https:\\\/\\\/xehoivungtau.com\\\/wp-content\\\/uploads\\\/2025\\\/02\\\/cropped-icon.png\",\"contentUrl\":\"https:\\\/\\\/xehoivungtau.com\\\/wp-content\\\/uploads\\\/2025\\\/02\\\/cropped-icon.png\",\"width\":512,\"height\":512,\"caption\":\"C\u00f4ng ty Xe H\u01a1i V\u0169ng T\u00e0u\"},\"image\":{\"@id\":\"https:\\\/\\\/xehoivungtau.com\\\/#\\\/schema\\\/logo\\\/image\\\/\"},\"sameAs\":[\"https:\\\/\\\/www.facebook.com\\\/xehoivungtau688\",\"https:\\\/\\\/x.com\\\/xehoivt\"]}]}<\/script>\n<!-- \/ Yoast SEO plugin. -->","yoast_head_json":{"title":"\u0110\u1ed2NG S\u01a0N - Vung Tau Auto","robots":{"index":"index","follow":"follow","max-snippet":"max-snippet:-1","max-image-preview":"max-image-preview:large","max-video-preview":"max-video-preview:-1"},"canonical":"https:\/\/xehoivungtau.com\/?page_id=43","og_locale":"vi_VN","og_type":"article","og_title":"\u0110\u1ed2NG S\u01a0N - Vung Tau Auto","og_description":"L\u00e0 k\u1ef9 thu\u1eadt \u0111\u01b0\u1ee3c \u00e1p d\u1ee5ng gi\u00fap s\u1eeda ch\u1eefa, ph\u1ee5c h\u1ed3i l\u1edbp v\u1ecf b\u00ean ngo\u00e0i c\u1ee7a \u00f4 t\u00f4 tr\u1edf v\u1ec1 tr\u1ea1ng th\u00e1i nh\u01b0 ban \u0111\u1ea7u khi xe b\u1ecb tr\u1ea7y x\u01b0\u1edbc n\u1eb7ng ho\u1eb7c l\u1edbp s\u01a1n \u0111\u00e3 xu\u1ed1ng c\u1ea5p.","og_url":"https:\/\/xehoivungtau.com\/?page_id=43","og_site_name":"Vung Tau Auto","article_publisher":"https:\/\/www.facebook.com\/xehoivungtau688","twitter_card":"summary_large_image","twitter_site":"@xehoivt","twitter_misc":{"\u01af\u1edbc t\u00ednh th\u1eddi gian \u0111\u1ecdc":"1 ph\u00fat"},"schema":{"@context":"https:\/\/schema.org","@graph":[{"@type":"WebPage","@id":"https:\/\/xehoivungtau.com\/?page_id=43","url":"https:\/\/xehoivungtau.com\/?page_id=43","name":"\u0110\u1ed2NG S\u01a0N - Vung Tau Auto","isPartOf":{"@id":"https:\/\/xehoivungtau.com\/#website"},"datePublished":"2025-02-17T07:44:08+00:00","breadcrumb":{"@id":"https:\/\/xehoivungtau.com\/?page_id=43#breadcrumb"},"inLanguage":"vi","potentialAction":[{"@type":"ReadAction","target":["https:\/\/xehoivungtau.com\/?page_id=43"]}]},{"@type":"BreadcrumbList","@id":"https:\/\/xehoivungtau.com\/?page_id=43#breadcrumb","itemListElement":[{"@type":"ListItem","position":1,"name":"Trang ch\u1ee7","item":"https:\/\/xehoivungtau.com\/"},{"@type":"ListItem","position":2,"name":"\u0110\u1ed2NG S\u01a0N"}]},{"@type":"WebSite","@id":"https:\/\/xehoivungtau.com\/#website","url":"https:\/\/xehoivungtau.com\/","name":"Xe H\u01a1i V\u0169ng T\u00e0u","description":"Garage s\u1eeda ch\u1eefa \u00f4 t\u00f4 chuy\u00ean nghi\u1ec7p","publisher":{"@id":"https:\/\/xehoivungtau.com\/#organization"},"potentialAction":[{"@type":"SearchAction","target":{"@type":"EntryPoint","urlTemplate":"https:\/\/xehoivungtau.com\/?s={search_term_string}"},"query-input":{"@type":"PropertyValueSpecification","valueRequired":true,"valueName":"search_term_string"}}],"inLanguage":"vi"},{"@type":"Organization","@id":"https:\/\/xehoivungtau.com\/#organization","name":"C\u00f4ng ty Xe H\u01a1i V\u0169ng T\u00e0u","url":"https:\/\/xehoivungtau.com\/","logo":{"@type":"ImageObject","inLanguage":"vi","@id":"https:\/\/xehoivungtau.com\/#\/schema\/logo\/image\/","url":"https:\/\/xehoivungtau.com\/wp-content\/uploads\/2025\/02\/cropped-icon.png","contentUrl":"https:\/\/xehoivungtau.com\/wp-content\/uploads\/2025\/02\/cropped-icon.png","width":512,"height":512,"caption":"C\u00f4ng ty Xe H\u01a1i V\u0169ng T\u00e0u"},"image":{"@id":"https:\/\/xehoivungtau.com\/#\/schema\/logo\/image\/"},"sameAs":["https:\/\/www.facebook.com\/xehoivungtau688","https:\/\/x.com\/xehoivt"]}]}},"_links":{"self":[{"href":"https:\/\/xehoivungtau.com\/index.php?rest_route=\/wp\/v2\/pages\/43","targetHints":{"allow":["GET"]}}],"collection":[{"href":"https:\/\/xehoivungtau.com\/index.php?rest_route=\/wp\/v2\/pages"}],"about":[{"href":"https:\/\/xehoivungtau.com\/index.php?rest_route=\/wp\/v2\/types\/page"}],"author":[{"embeddable":true,"href":"https:\/\/xehoivungtau.com\/index.php?rest_route=\/wp\/v2\/users\/1"}],"replies":[{"embeddable":true,"href":"https:\/\/xehoivungtau.com\/index.php?rest_route=%2Fwp%2Fv2%2Fcomments&post=43"}],"version-history":[{"count":1,"href":"https:\/\/xehoivungtau.com\/index.php?rest_route=\/wp\/v2\/pages\/43\/revisions"}],"predecessor-version":[{"id":44,"href":"https:\/\/xehoivungtau.com\/index.php?rest_route=\/wp\/v2\/pages\/43\/revisions\/44"}],"wp:attachment":[{"href":"https:\/\/xehoivungtau.com\/index.php?rest_route=%2Fwp%2Fv2%2Fmedia&parent=43"}],"curies":[{"name":"wp","href":"https:\/\/api.w.org\/{rel}","templated":true}]}}