{"id":218,"date":"2025-05-15T03:53:13","date_gmt":"2025-05-15T03:53:13","guid":{"rendered":"https:\/\/xehoivungtau.com\/?page_id=218"},"modified":"2025-05-23T01:33:54","modified_gmt":"2025-05-23T01:33:54","slug":"thu-vien-hinh-anh","status":"publish","type":"page","link":"https:\/\/xehoivungtau.com\/?page_id=218","title":{"rendered":"Th\u01b0 vi\u1ec7n h\u00ecnh \u1ea3nh"},"content":{"rendered":"<div class=\"align wp-block-icb-image-compare\" id='icbImageCompare-1' data-attributes='{&quot;beforeImg&quot;:{&quot;id&quot;:215,&quot;url&quot;:&quot;https:\\\/\\\/xehoivungtau.com\\\/wp-content\\\/uploads\\\/2025\\\/05\\\/A01.jpg&quot;,&quot;alt&quot;:&quot;&quot;,&quot;title&quot;:&quot;A01&quot;,&quot;caption&quot;:&quot;&quot;},&quot;afterImg&quot;:{&quot;id&quot;:216,&quot;url&quot;:&quot;https:\\\/\\\/xehoivungtau.com\\\/wp-content\\\/uploads\\\/2025\\\/05\\\/A02.jpg&quot;,&quot;alt&quot;:&quot;&quot;,&quot;title&quot;:&quot;A02&quot;,&quot;caption&quot;:&quot;&quot;},&quot;beforeLabel&quot;:&quot;Tr\\u01b0\\u1edbc khi v\\u1ec7 sinh khoang m\\u00e1y&quot;,&quot;afterLabel&quot;:&quot;Sau khi v\\u1ec7 sinh khoang m\\u00e1y&quot;,&quot;align&quot;:&quot;&quot;,&quot;alignment&quot;:&quot;center&quot;,&quot;theme&quot;:&quot;default&quot;,&quot;width&quot;:&quot;80%&quot;,&quot;border&quot;:[],&quot;orientation&quot;:&quot;horizontal&quot;,&quot;isSwap&quot;:false,&quot;isLabel&quot;:true,&quot;label&quot;:{&quot;hAlign&quot;:&quot;bottom&quot;,&quot;vAlign&quot;:&quot;center&quot;,&quot;isShowHover&quot;:false},&quot;labelTypo&quot;:{&quot;fontSize&quot;:{&quot;desktop&quot;:15,&quot;tablet&quot;:15,&quot;mobile&quot;:15}},&quot;labelColors&quot;:{&quot;color&quot;:&quot;#fff&quot;,&quot;bg&quot;:&quot;#00000080&quot;},&quot;labelPadding&quot;:{&quot;vertical&quot;:&quot;10px&quot;,&quot;horizontal&quot;:&quot;15px&quot;},&quot;isCap&quot;:true,&quot;cap&quot;:&quot;&quot;,&quot;capAlign&quot;:&quot;center&quot;,&quot;capTypo&quot;:{&quot;fontSize&quot;:{&quot;desktop&quot;:14,&quot;tablet&quot;:14,&quot;mobile&quot;:14}},&quot;capColors&quot;:{&quot;color&quot;:&quot;#333&quot;,&quot;bg&quot;:&quot;#f4f4f4&quot;},&quot;capPadding&quot;:{&quot;vertical&quot;:&quot;10px&quot;,&quot;horizontal&quot;:&quot;15px&quot;},&quot;dragg&quot;:{&quot;handleType&quot;:&quot;default&quot;,&quot;shapeType&quot;:&quot;default&quot;},&quot;styles&quot;:{&quot;container&quot;:{&quot;height&quot;:{&quot;desktop&quot;:&quot;&quot;,&quot;tablet&quot;:&quot;&quot;,&quot;mobile&quot;:&quot;&quot;}},&quot;dragg&quot;:{&quot;line&quot;:{&quot;bg&quot;:{&quot;color&quot;:&quot;#fff&quot;},&quot;size&quot;:2},&quot;icon&quot;:{&quot;color&quot;:&quot;&quot;},&quot;handler&quot;:{&quot;color&quot;:&quot;&quot;}}},&quot;options&quot;:{&quot;defaultOffset&quot;:0.5,&quot;moveMouseOver&quot;:false,&quot;isMoveClick&quot;:false,&quot;autoSlide&quot;:{&quot;isAutoSlide&quot;:false,&quot;speed&quot;:5,&quot;isHoverStop&quot;:true}},&quot;sliderOptions&quot;:{&quot;arrowType&quot;:&quot;style1&quot;,&quot;height&quot;:{&quot;desktop&quot;:&quot;400px&quot;,&quot;tablet&quot;:&quot;400px&quot;,&quot;mobile&quot;:&quot;400px&quot;},&quot;autoplay&quot;:true,&quot;dots&quot;:false,&quot;speed&quot;:500,&quot;autoplaySpeed&quot;:2500,&quot;pauseOnHover&quot;:true,&quot;infinite&quot;:true,&quot;arrows&quot;:true,&quot;slidesView&quot;:{&quot;desktop&quot;:1,&quot;tablet&quot;:1,&quot;mobile&quot;:1}},&quot;sliderStyle&quot;:{&quot;pagination&quot;:{&quot;active&quot;:&quot;#4527a4&quot;},&quot;navigation&quot;:{&quot;icon&quot;:{&quot;normal&quot;:{&quot;color&quot;:&quot;#000&quot;,&quot;size&quot;:&quot;22px&quot;},&quot;hover&quot;:{&quot;color&quot;:&quot;&quot;,&quot;size&quot;:&quot;22px&quot;}},&quot;container&quot;:{&quot;height&quot;:&quot;&quot;,&quot;width&quot;:&quot;&quot;,&quot;normal&quot;:{&quot;bg&quot;:{&quot;color&quot;:&quot;#fff&quot;},&quot;border&quot;:[],&quot;radius&quot;:{&quot;left&quot;:&quot;30px&quot;,&quot;right&quot;:&quot;30px&quot;,&quot;top&quot;:&quot;30px&quot;,&quot;bottom&quot;:&quot;30px&quot;}},&quot;hover&quot;:{&quot;bg&quot;:{&quot;color&quot;:&quot;#fff&quot;},&quot;border&quot;:[],&quot;radius&quot;:[]}}}},&quot;slider&quot;:[{&quot;beforeImg&quot;:{&quot;img&quot;:{&quot;url&quot;:&quot;https:\\\/\\\/templates.bplugins.com\\\/wp-content\\\/uploads\\\/2025\\\/03\\\/beafImg.jpg&quot;},&quot;beforeLabel&quot;:&quot;Before Label&quot;},&quot;afterImg&quot;:{&quot;img&quot;:{&quot;url&quot;:&quot;https:\\\/\\\/templates.bplugins.com\\\/wp-content\\\/uploads\\\/2025\\\/03\\\/beafImg2.jpg&quot;},&quot;afterLabel&quot;:&quot;After Label&quot;},&quot;caption&quot;:&quot;Before After Image Caption&quot;},{&quot;beforeImg&quot;:{&quot;img&quot;:{&quot;url&quot;:&quot;https:\\\/\\\/templates.bplugins.com\\\/wp-content\\\/uploads\\\/2025\\\/03\\\/beafImg.jpg&quot;},&quot;beforeLabel&quot;:&quot;Before Label&quot;},&quot;afterImg&quot;:{&quot;img&quot;:{&quot;url&quot;:&quot;https:\\\/\\\/templates.bplugins.com\\\/wp-content\\\/uploads\\\/2025\\\/03\\\/beafImg2.jpg&quot;},&quot;afterLabel&quot;:&quot;After Label&quot;},&quot;caption&quot;:&quot;Before After Image Caption&quot;},{&quot;beforeImg&quot;:{&quot;img&quot;:{&quot;url&quot;:&quot;https:\\\/\\\/templates.bplugins.com\\\/wp-content\\\/uploads\\\/2025\\\/03\\\/beafImg.jpg&quot;},&quot;beforeLabel&quot;:&quot;Before Label&quot;},&quot;afterImg&quot;:{&quot;img&quot;:{&quot;url&quot;:&quot;https:\\\/\\\/templates.bplugins.com\\\/wp-content\\\/uploads\\\/2025\\\/03\\\/beafImg2.jpg&quot;},&quot;afterLabel&quot;:&quot;After Label&quot;},&quot;caption&quot;:&quot;Before After Image Caption&quot;}],&quot;extended_widget_opts_block&quot;:{},&quot;extended_widget_opts&quot;:{},&quot;extended_widget_opts_state&quot;:&quot;&quot;,&quot;extended_widget_opts_clientid&quot;:&quot;&quot;,&quot;dateUpdated&quot;:&quot;&quot;,&quot;openPopupId&quot;:&quot;&quot;}' data-icbchecker='false'><\/div>\n\n\n<p><\/p>\n\n\n<div class=\"align wp-block-icb-image-compare\" id='icbImageCompare-2' data-attributes='{&quot;beforeImg&quot;:{&quot;id&quot;:241,&quot;url&quot;:&quot;https:\\\/\\\/xehoivungtau.com\\\/wp-content\\\/uploads\\\/2025\\\/05\\\/IMG_20250523_082106.jpg&quot;,&quot;alt&quot;:&quot;&quot;,&quot;title&quot;:&quot;IMG_20250523_082106&quot;,&quot;caption&quot;:&quot;&quot;},&quot;afterImg&quot;:{&quot;id&quot;:240,&quot;url&quot;:&quot;https:\\\/\\\/xehoivungtau.com\\\/wp-content\\\/uploads\\\/2025\\\/05\\\/IMG_20250523_082107-scaled.jpg&quot;,&quot;alt&quot;:&quot;&quot;,&quot;title&quot;:&quot;IMG_20250523_082107&quot;,&quot;caption&quot;:&quot;&quot;},&quot;align&quot;:&quot;&quot;,&quot;alignment&quot;:&quot;center&quot;,&quot;theme&quot;:&quot;default&quot;,&quot;width&quot;:&quot;80%&quot;,&quot;border&quot;:[],&quot;orientation&quot;:&quot;horizontal&quot;,&quot;isSwap&quot;:false,&quot;isLabel&quot;:true,&quot;label&quot;:{&quot;hAlign&quot;:&quot;bottom&quot;,&quot;vAlign&quot;:&quot;center&quot;,&quot;isShowHover&quot;:false},&quot;beforeLabel&quot;:&quot;&quot;,&quot;afterLabel&quot;:&quot;&quot;,&quot;labelTypo&quot;:{&quot;fontSize&quot;:{&quot;desktop&quot;:15,&quot;tablet&quot;:15,&quot;mobile&quot;:15}},&quot;labelColors&quot;:{&quot;color&quot;:&quot;#fff&quot;,&quot;bg&quot;:&quot;#00000080&quot;},&quot;labelPadding&quot;:{&quot;vertical&quot;:&quot;10px&quot;,&quot;horizontal&quot;:&quot;15px&quot;},&quot;isCap&quot;:true,&quot;cap&quot;:&quot;&quot;,&quot;capAlign&quot;:&quot;center&quot;,&quot;capTypo&quot;:{&quot;fontSize&quot;:{&quot;desktop&quot;:14,&quot;tablet&quot;:14,&quot;mobile&quot;:14}},&quot;capColors&quot;:{&quot;color&quot;:&quot;#333&quot;,&quot;bg&quot;:&quot;#f4f4f4&quot;},&quot;capPadding&quot;:{&quot;vertical&quot;:&quot;10px&quot;,&quot;horizontal&quot;:&quot;15px&quot;},&quot;dragg&quot;:{&quot;handleType&quot;:&quot;default&quot;,&quot;shapeType&quot;:&quot;default&quot;},&quot;styles&quot;:{&quot;container&quot;:{&quot;height&quot;:{&quot;desktop&quot;:&quot;&quot;,&quot;tablet&quot;:&quot;&quot;,&quot;mobile&quot;:&quot;&quot;}},&quot;dragg&quot;:{&quot;line&quot;:{&quot;bg&quot;:{&quot;color&quot;:&quot;#fff&quot;},&quot;size&quot;:2},&quot;icon&quot;:{&quot;color&quot;:&quot;&quot;},&quot;handler&quot;:{&quot;color&quot;:&quot;&quot;}}},&quot;options&quot;:{&quot;defaultOffset&quot;:0.5,&quot;moveMouseOver&quot;:false,&quot;isMoveClick&quot;:false,&quot;autoSlide&quot;:{&quot;isAutoSlide&quot;:false,&quot;speed&quot;:5,&quot;isHoverStop&quot;:true}},&quot;sliderOptions&quot;:{&quot;arrowType&quot;:&quot;style1&quot;,&quot;height&quot;:{&quot;desktop&quot;:&quot;400px&quot;,&quot;tablet&quot;:&quot;400px&quot;,&quot;mobile&quot;:&quot;400px&quot;},&quot;autoplay&quot;:true,&quot;dots&quot;:false,&quot;speed&quot;:500,&quot;autoplaySpeed&quot;:2500,&quot;pauseOnHover&quot;:true,&quot;infinite&quot;:true,&quot;arrows&quot;:true,&quot;slidesView&quot;:{&quot;desktop&quot;:1,&quot;tablet&quot;:1,&quot;mobile&quot;:1}},&quot;sliderStyle&quot;:{&quot;pagination&quot;:{&quot;active&quot;:&quot;#4527a4&quot;},&quot;navigation&quot;:{&quot;icon&quot;:{&quot;normal&quot;:{&quot;color&quot;:&quot;#000&quot;,&quot;size&quot;:&quot;22px&quot;},&quot;hover&quot;:{&quot;color&quot;:&quot;&quot;,&quot;size&quot;:&quot;22px&quot;}},&quot;container&quot;:{&quot;height&quot;:&quot;&quot;,&quot;width&quot;:&quot;&quot;,&quot;normal&quot;:{&quot;bg&quot;:{&quot;color&quot;:&quot;#fff&quot;},&quot;border&quot;:[],&quot;radius&quot;:{&quot;left&quot;:&quot;30px&quot;,&quot;right&quot;:&quot;30px&quot;,&quot;top&quot;:&quot;30px&quot;,&quot;bottom&quot;:&quot;30px&quot;}},&quot;hover&quot;:{&quot;bg&quot;:{&quot;color&quot;:&quot;#fff&quot;},&quot;border&quot;:[],&quot;radius&quot;:[]}}}},&quot;slider&quot;:[{&quot;beforeImg&quot;:{&quot;img&quot;:{&quot;url&quot;:&quot;https:\\\/\\\/templates.bplugins.com\\\/wp-content\\\/uploads\\\/2025\\\/03\\\/beafImg.jpg&quot;},&quot;beforeLabel&quot;:&quot;Before Label&quot;},&quot;afterImg&quot;:{&quot;img&quot;:{&quot;url&quot;:&quot;https:\\\/\\\/templates.bplugins.com\\\/wp-content\\\/uploads\\\/2025\\\/03\\\/beafImg2.jpg&quot;},&quot;afterLabel&quot;:&quot;After Label&quot;},&quot;caption&quot;:&quot;Before After Image Caption&quot;},{&quot;beforeImg&quot;:{&quot;img&quot;:{&quot;url&quot;:&quot;https:\\\/\\\/templates.bplugins.com\\\/wp-content\\\/uploads\\\/2025\\\/03\\\/beafImg.jpg&quot;},&quot;beforeLabel&quot;:&quot;Before Label&quot;},&quot;afterImg&quot;:{&quot;img&quot;:{&quot;url&quot;:&quot;https:\\\/\\\/templates.bplugins.com\\\/wp-content\\\/uploads\\\/2025\\\/03\\\/beafImg2.jpg&quot;},&quot;afterLabel&quot;:&quot;After Label&quot;},&quot;caption&quot;:&quot;Before After Image Caption&quot;},{&quot;beforeImg&quot;:{&quot;img&quot;:{&quot;url&quot;:&quot;https:\\\/\\\/templates.bplugins.com\\\/wp-content\\\/uploads\\\/2025\\\/03\\\/beafImg.jpg&quot;},&quot;beforeLabel&quot;:&quot;Before Label&quot;},&quot;afterImg&quot;:{&quot;img&quot;:{&quot;url&quot;:&quot;https:\\\/\\\/templates.bplugins.com\\\/wp-content\\\/uploads\\\/2025\\\/03\\\/beafImg2.jpg&quot;},&quot;afterLabel&quot;:&quot;After Label&quot;},&quot;caption&quot;:&quot;Before After Image Caption&quot;}],&quot;extended_widget_opts_block&quot;:{},&quot;extended_widget_opts&quot;:{},&quot;extended_widget_opts_state&quot;:&quot;&quot;,&quot;extended_widget_opts_clientid&quot;:&quot;&quot;,&quot;dateUpdated&quot;:&quot;&quot;,&quot;openPopupId&quot;:&quot;&quot;}' data-icbchecker='false'><\/div>","protected":false},"excerpt":{"rendered":"","protected":false},"author":1,"featured_media":0,"parent":0,"menu_order":0,"comment_status":"closed","ping_status":"closed","template":"full-width.php","meta":{"footnotes":""},"class_list":["post-218","page","type-page","status-publish","hentry"],"yoast_head":"<!-- This site is optimized with the Yoast SEO plugin v27.4 - https:\/\/yoast.com\/product\/yoast-seo-wordpress\/ -->\n<title>Th\u01b0 vi\u1ec7n h\u00ecnh \u1ea3nh - Vung Tau Auto<\/title>\n<meta name=\"robots\" content=\"index, follow, max-snippet:-1, max-image-preview:large, max-video-preview:-1\" \/>\n<link rel=\"canonical\" href=\"https:\/\/xehoivungtau.com\/?page_id=218\" \/>\n<meta property=\"og:locale\" content=\"vi_VN\" \/>\n<meta property=\"og:type\" content=\"article\" \/>\n<meta property=\"og:title\" content=\"Th\u01b0 vi\u1ec7n h\u00ecnh \u1ea3nh - Vung Tau Auto\" \/>\n<meta property=\"og:url\" content=\"https:\/\/xehoivungtau.com\/?page_id=218\" \/>\n<meta property=\"og:site_name\" content=\"Vung Tau Auto\" \/>\n<meta property=\"article:publisher\" content=\"https:\/\/www.facebook.com\/xehoivungtau688\" \/>\n<meta property=\"article:modified_time\" content=\"2025-05-23T01:33:54+00:00\" \/>\n<meta name=\"twitter:card\" content=\"summary_large_image\" \/>\n<meta name=\"twitter:site\" content=\"@xehoivt\" \/>\n<script type=\"application\/ld+json\" class=\"yoast-schema-graph\">{\"@context\":\"https:\\\/\\\/schema.org\",\"@graph\":[{\"@type\":\"WebPage\",\"@id\":\"https:\\\/\\\/xehoivungtau.com\\\/?page_id=218\",\"url\":\"https:\\\/\\\/xehoivungtau.com\\\/?page_id=218\",\"name\":\"Th\u01b0 vi\u1ec7n h\u00ecnh \u1ea3nh - Vung Tau Auto\",\"isPartOf\":{\"@id\":\"https:\\\/\\\/xehoivungtau.com\\\/#website\"},\"datePublished\":\"2025-05-15T03:53:13+00:00\",\"dateModified\":\"2025-05-23T01:33:54+00:00\",\"breadcrumb\":{\"@id\":\"https:\\\/\\\/xehoivungtau.com\\\/?page_id=218#breadcrumb\"},\"inLanguage\":\"vi\",\"potentialAction\":[{\"@type\":\"ReadAction\",\"target\":[\"https:\\\/\\\/xehoivungtau.com\\\/?page_id=218\"]}]},{\"@type\":\"BreadcrumbList\",\"@id\":\"https:\\\/\\\/xehoivungtau.com\\\/?page_id=218#breadcrumb\",\"itemListElement\":[{\"@type\":\"ListItem\",\"position\":1,\"name\":\"Trang ch\u1ee7\",\"item\":\"https:\\\/\\\/xehoivungtau.com\\\/\"},{\"@type\":\"ListItem\",\"position\":2,\"name\":\"Th\u01b0 vi\u1ec7n h\u00ecnh \u1ea3nh\"}]},{\"@type\":\"WebSite\",\"@id\":\"https:\\\/\\\/xehoivungtau.com\\\/#website\",\"url\":\"https:\\\/\\\/xehoivungtau.com\\\/\",\"name\":\"Xe H\u01a1i V\u0169ng T\u00e0u\",\"description\":\"Garage s\u1eeda ch\u1eefa \u00f4 t\u00f4 chuy\u00ean nghi\u1ec7p\",\"publisher\":{\"@id\":\"https:\\\/\\\/xehoivungtau.com\\\/#organization\"},\"potentialAction\":[{\"@type\":\"SearchAction\",\"target\":{\"@type\":\"EntryPoint\",\"urlTemplate\":\"https:\\\/\\\/xehoivungtau.com\\\/?s={search_term_string}\"},\"query-input\":{\"@type\":\"PropertyValueSpecification\",\"valueRequired\":true,\"valueName\":\"search_term_string\"}}],\"inLanguage\":\"vi\"},{\"@type\":\"Organization\",\"@id\":\"https:\\\/\\\/xehoivungtau.com\\\/#organization\",\"name\":\"C\u00f4ng ty Xe H\u01a1i V\u0169ng T\u00e0u\",\"url\":\"https:\\\/\\\/xehoivungtau.com\\\/\",\"logo\":{\"@type\":\"ImageObject\",\"inLanguage\":\"vi\",\"@id\":\"https:\\\/\\\/xehoivungtau.com\\\/#\\\/schema\\\/logo\\\/image\\\/\",\"url\":\"https:\\\/\\\/xehoivungtau.com\\\/wp-content\\\/uploads\\\/2025\\\/02\\\/cropped-icon.png\",\"contentUrl\":\"https:\\\/\\\/xehoivungtau.com\\\/wp-content\\\/uploads\\\/2025\\\/02\\\/cropped-icon.png\",\"width\":512,\"height\":512,\"caption\":\"C\u00f4ng ty Xe H\u01a1i V\u0169ng T\u00e0u\"},\"image\":{\"@id\":\"https:\\\/\\\/xehoivungtau.com\\\/#\\\/schema\\\/logo\\\/image\\\/\"},\"sameAs\":[\"https:\\\/\\\/www.facebook.com\\\/xehoivungtau688\",\"https:\\\/\\\/x.com\\\/xehoivt\"]}]}<\/script>\n<!-- \/ Yoast SEO plugin. -->","yoast_head_json":{"title":"Th\u01b0 vi\u1ec7n h\u00ecnh \u1ea3nh - Vung Tau Auto","robots":{"index":"index","follow":"follow","max-snippet":"max-snippet:-1","max-image-preview":"max-image-preview:large","max-video-preview":"max-video-preview:-1"},"canonical":"https:\/\/xehoivungtau.com\/?page_id=218","og_locale":"vi_VN","og_type":"article","og_title":"Th\u01b0 vi\u1ec7n h\u00ecnh \u1ea3nh - Vung Tau Auto","og_url":"https:\/\/xehoivungtau.com\/?page_id=218","og_site_name":"Vung Tau Auto","article_publisher":"https:\/\/www.facebook.com\/xehoivungtau688","article_modified_time":"2025-05-23T01:33:54+00:00","twitter_card":"summary_large_image","twitter_site":"@xehoivt","schema":{"@context":"https:\/\/schema.org","@graph":[{"@type":"WebPage","@id":"https:\/\/xehoivungtau.com\/?page_id=218","url":"https:\/\/xehoivungtau.com\/?page_id=218","name":"Th\u01b0 vi\u1ec7n h\u00ecnh \u1ea3nh - Vung Tau Auto","isPartOf":{"@id":"https:\/\/xehoivungtau.com\/#website"},"datePublished":"2025-05-15T03:53:13+00:00","dateModified":"2025-05-23T01:33:54+00:00","breadcrumb":{"@id":"https:\/\/xehoivungtau.com\/?page_id=218#breadcrumb"},"inLanguage":"vi","potentialAction":[{"@type":"ReadAction","target":["https:\/\/xehoivungtau.com\/?page_id=218"]}]},{"@type":"BreadcrumbList","@id":"https:\/\/xehoivungtau.com\/?page_id=218#breadcrumb","itemListElement":[{"@type":"ListItem","position":1,"name":"Trang ch\u1ee7","item":"https:\/\/xehoivungtau.com\/"},{"@type":"ListItem","position":2,"name":"Th\u01b0 vi\u1ec7n h\u00ecnh \u1ea3nh"}]},{"@type":"WebSite","@id":"https:\/\/xehoivungtau.com\/#website","url":"https:\/\/xehoivungtau.com\/","name":"Xe H\u01a1i V\u0169ng T\u00e0u","description":"Garage s\u1eeda ch\u1eefa \u00f4 t\u00f4 chuy\u00ean nghi\u1ec7p","publisher":{"@id":"https:\/\/xehoivungtau.com\/#organization"},"potentialAction":[{"@type":"SearchAction","target":{"@type":"EntryPoint","urlTemplate":"https:\/\/xehoivungtau.com\/?s={search_term_string}"},"query-input":{"@type":"PropertyValueSpecification","valueRequired":true,"valueName":"search_term_string"}}],"inLanguage":"vi"},{"@type":"Organization","@id":"https:\/\/xehoivungtau.com\/#organization","name":"C\u00f4ng ty Xe H\u01a1i V\u0169ng T\u00e0u","url":"https:\/\/xehoivungtau.com\/","logo":{"@type":"ImageObject","inLanguage":"vi","@id":"https:\/\/xehoivungtau.com\/#\/schema\/logo\/image\/","url":"https:\/\/xehoivungtau.com\/wp-content\/uploads\/2025\/02\/cropped-icon.png","contentUrl":"https:\/\/xehoivungtau.com\/wp-content\/uploads\/2025\/02\/cropped-icon.png","width":512,"height":512,"caption":"C\u00f4ng ty Xe H\u01a1i V\u0169ng T\u00e0u"},"image":{"@id":"https:\/\/xehoivungtau.com\/#\/schema\/logo\/image\/"},"sameAs":["https:\/\/www.facebook.com\/xehoivungtau688","https:\/\/x.com\/xehoivt"]}]}},"_links":{"self":[{"href":"https:\/\/xehoivungtau.com\/index.php?rest_route=\/wp\/v2\/pages\/218","targetHints":{"allow":["GET"]}}],"collection":[{"href":"https:\/\/xehoivungtau.com\/index.php?rest_route=\/wp\/v2\/pages"}],"about":[{"href":"https:\/\/xehoivungtau.com\/index.php?rest_route=\/wp\/v2\/types\/page"}],"author":[{"embeddable":true,"href":"https:\/\/xehoivungtau.com\/index.php?rest_route=\/wp\/v2\/users\/1"}],"replies":[{"embeddable":true,"href":"https:\/\/xehoivungtau.com\/index.php?rest_route=%2Fwp%2Fv2%2Fcomments&post=218"}],"version-history":[{"count":8,"href":"https:\/\/xehoivungtau.com\/index.php?rest_route=\/wp\/v2\/pages\/218\/revisions"}],"predecessor-version":[{"id":244,"href":"https:\/\/xehoivungtau.com\/index.php?rest_route=\/wp\/v2\/pages\/218\/revisions\/244"}],"wp:attachment":[{"href":"https:\/\/xehoivungtau.com\/index.php?rest_route=%2Fwp%2Fv2%2Fmedia&parent=218"}],"curies":[{"name":"wp","href":"https:\/\/api.w.org\/{rel}","templated":true}]}}