{"id":139,"date":"2025-02-22T08:16:20","date_gmt":"2025-02-22T08:16:20","guid":{"rendered":"https:\/\/xehoivungtau.com\/?page_id=139"},"modified":"2025-12-26T03:41:52","modified_gmt":"2025-12-26T03:41:52","slug":"lien-he","status":"publish","type":"page","link":"https:\/\/xehoivungtau.com\/?page_id=139","title":{"rendered":"Li\u00ean h\u1ec7"},"content":{"rendered":"\n<iframe src=\"https:\/\/www.google.com\/maps\/embed?pb=!1m14!1m8!1m3!1d256.4606816818993!2d107.09177675652337!3d10.368638676619842!3m2!1i1024!2i768!4f13.1!3m3!1m2!1s0x31756f5f4bdc695f%3A0xf7a852f1e9fb4ee0!2sV%C5%A9ng%20T%C3%A0u%20Auto%20(Garage%20688)!5e1!3m2!1svi!2s!4v1766720473577!5m2!1svi!2s\" width=\"600\" height=\"450\" style=\"border:0;\" allowfullscreen=\"\" loading=\"lazy\" referrerpolicy=\"no-referrer-when-downgrade\"><\/iframe>\n\n\n<p>\u0110\u1ecba ch\u1ec9: 688 Tr\u01b0\u01a1ng C\u00f4ng \u0110\u1ecbnh, Ph\u01b0\u1eddng Tam Th\u1eafng, TP. HCM (V\u0169ng T\u00e0u c\u0169)<br \/>S\u1ed1 \u0110KKD: 3502541583<br \/>Email: 688xhvt@gmail.com<br \/>Email nh\u1eadn h\u00f3a \u0111\u01a1n: hoadonxhvt@gmail.com<br \/>\u0110i\u1ec7n tho\u1ea1i: 02543 551 789<br \/>Hotline: 070 51 52 688<\/p>","protected":false},"excerpt":{"rendered":"<p>\u0110\u1ecba ch\u1ec9: 688 Tr\u01b0\u01a1ng C\u00f4ng \u0110\u1ecbnh, Ph\u01b0\u1eddng Tam Th\u1eafng, TP. HCM (V\u0169ng T\u00e0u c\u0169)S\u1ed1 \u0110KKD: 3502541583Email: 688xhvt@gmail.comEmail nh\u1eadn h\u00f3a \u0111\u01a1n: hoadonxhvt@gmail.com\u0110i\u1ec7n tho\u1ea1i: 02543 551 789Hotline: 070 51 52 688<\/p>\n","protected":false},"author":1,"featured_media":0,"parent":0,"menu_order":0,"comment_status":"closed","ping_status":"closed","template":"","meta":{"footnotes":""},"class_list":["post-139","page","type-page","status-publish","hentry"],"yoast_head":"<!-- This site is optimized with the Yoast SEO plugin v27.2 - https:\/\/yoast.com\/product\/yoast-seo-wordpress\/ -->\n<title>Li\u00ean h\u1ec7 - Vung Tau Auto<\/title>\n<meta name=\"robots\" content=\"index, follow, max-snippet:-1, max-image-preview:large, max-video-preview:-1\" \/>\n<link rel=\"canonical\" href=\"https:\/\/xehoivungtau.com\/?page_id=139\" \/>\n<meta property=\"og:locale\" content=\"vi_VN\" \/>\n<meta property=\"og:type\" content=\"article\" \/>\n<meta property=\"og:title\" content=\"Li\u00ean h\u1ec7 - Vung Tau Auto\" \/>\n<meta property=\"og:description\" content=\"\u0110\u1ecba ch\u1ec9: 688 Tr\u01b0\u01a1ng C\u00f4ng \u0110\u1ecbnh, Ph\u01b0\u1eddng Tam Th\u1eafng, TP. HCM (V\u0169ng T\u00e0u c\u0169)S\u1ed1 \u0110KKD: 3502541583Email: 688xhvt@gmail.comEmail nh\u1eadn h\u00f3a \u0111\u01a1n: hoadonxhvt@gmail.com\u0110i\u1ec7n tho\u1ea1i: 02543 551 789Hotline: 070 51 52 688\" \/>\n<meta property=\"og:url\" content=\"https:\/\/xehoivungtau.com\/?page_id=139\" \/>\n<meta property=\"og:site_name\" content=\"Vung Tau Auto\" \/>\n<meta property=\"article:publisher\" content=\"https:\/\/www.facebook.com\/xehoivungtau688\" \/>\n<meta property=\"article:modified_time\" content=\"2025-12-26T03:41:52+00:00\" \/>\n<meta name=\"twitter:card\" content=\"summary_large_image\" \/>\n<meta name=\"twitter:site\" content=\"@xehoivt\" \/>\n<meta name=\"twitter:label1\" content=\"\u01af\u1edbc t\u00ednh th\u1eddi gian \u0111\u1ecdc\" \/>\n\t<meta name=\"twitter:data1\" content=\"1 ph\u00fat\" \/>\n<script type=\"application\/ld+json\" class=\"yoast-schema-graph\">{\"@context\":\"https:\/\/schema.org\",\"@graph\":[{\"@type\":\"WebPage\",\"@id\":\"https:\/\/xehoivungtau.com\/?page_id=139\",\"url\":\"https:\/\/xehoivungtau.com\/?page_id=139\",\"name\":\"Li\u00ean h\u1ec7 - Vung Tau Auto\",\"isPartOf\":{\"@id\":\"https:\/\/xehoivungtau.com\/#website\"},\"datePublished\":\"2025-02-22T08:16:20+00:00\",\"dateModified\":\"2025-12-26T03:41:52+00:00\",\"breadcrumb\":{\"@id\":\"https:\/\/xehoivungtau.com\/?page_id=139#breadcrumb\"},\"inLanguage\":\"vi\",\"potentialAction\":[{\"@type\":\"ReadAction\",\"target\":[\"https:\/\/xehoivungtau.com\/?page_id=139\"]}]},{\"@type\":\"BreadcrumbList\",\"@id\":\"https:\/\/xehoivungtau.com\/?page_id=139#breadcrumb\",\"itemListElement\":[{\"@type\":\"ListItem\",\"position\":1,\"name\":\"Trang ch\u1ee7\",\"item\":\"https:\/\/xehoivungtau.com\/\"},{\"@type\":\"ListItem\",\"position\":2,\"name\":\"Li\u00ean h\u1ec7\"}]},{\"@type\":\"WebSite\",\"@id\":\"https:\/\/xehoivungtau.com\/#website\",\"url\":\"https:\/\/xehoivungtau.com\/\",\"name\":\"Xe H\u01a1i V\u0169ng T\u00e0u\",\"description\":\"Garage s\u1eeda ch\u1eefa \u00f4 t\u00f4 chuy\u00ean nghi\u1ec7p\",\"publisher\":{\"@id\":\"https:\/\/xehoivungtau.com\/#organization\"},\"potentialAction\":[{\"@type\":\"SearchAction\",\"target\":{\"@type\":\"EntryPoint\",\"urlTemplate\":\"https:\/\/xehoivungtau.com\/?s={search_term_string}\"},\"query-input\":{\"@type\":\"PropertyValueSpecification\",\"valueRequired\":true,\"valueName\":\"search_term_string\"}}],\"inLanguage\":\"vi\"},{\"@type\":\"Organization\",\"@id\":\"https:\/\/xehoivungtau.com\/#organization\",\"name\":\"C\u00f4ng ty Xe H\u01a1i V\u0169ng T\u00e0u\",\"url\":\"https:\/\/xehoivungtau.com\/\",\"logo\":{\"@type\":\"ImageObject\",\"inLanguage\":\"vi\",\"@id\":\"https:\/\/xehoivungtau.com\/#\/schema\/logo\/image\/\",\"url\":\"https:\/\/xehoivungtau.com\/wp-content\/uploads\/2025\/02\/cropped-icon.png\",\"contentUrl\":\"https:\/\/xehoivungtau.com\/wp-content\/uploads\/2025\/02\/cropped-icon.png\",\"width\":512,\"height\":512,\"caption\":\"C\u00f4ng ty Xe H\u01a1i V\u0169ng T\u00e0u\"},\"image\":{\"@id\":\"https:\/\/xehoivungtau.com\/#\/schema\/logo\/image\/\"},\"sameAs\":[\"https:\/\/www.facebook.com\/xehoivungtau688\",\"https:\/\/x.com\/xehoivt\"]}]}<\/script>\n<!-- \/ Yoast SEO plugin. -->","yoast_head_json":{"title":"Li\u00ean h\u1ec7 - Vung Tau Auto","robots":{"index":"index","follow":"follow","max-snippet":"max-snippet:-1","max-image-preview":"max-image-preview:large","max-video-preview":"max-video-preview:-1"},"canonical":"https:\/\/xehoivungtau.com\/?page_id=139","og_locale":"vi_VN","og_type":"article","og_title":"Li\u00ean h\u1ec7 - Vung Tau Auto","og_description":"\u0110\u1ecba ch\u1ec9: 688 Tr\u01b0\u01a1ng C\u00f4ng \u0110\u1ecbnh, Ph\u01b0\u1eddng Tam Th\u1eafng, TP. HCM (V\u0169ng T\u00e0u c\u0169)S\u1ed1 \u0110KKD: 3502541583Email: 688xhvt@gmail.comEmail nh\u1eadn h\u00f3a \u0111\u01a1n: hoadonxhvt@gmail.com\u0110i\u1ec7n tho\u1ea1i: 02543 551 789Hotline: 070 51 52 688","og_url":"https:\/\/xehoivungtau.com\/?page_id=139","og_site_name":"Vung Tau Auto","article_publisher":"https:\/\/www.facebook.com\/xehoivungtau688","article_modified_time":"2025-12-26T03:41:52+00:00","twitter_card":"summary_large_image","twitter_site":"@xehoivt","twitter_misc":{"\u01af\u1edbc t\u00ednh th\u1eddi gian \u0111\u1ecdc":"1 ph\u00fat"},"schema":{"@context":"https:\/\/schema.org","@graph":[{"@type":"WebPage","@id":"https:\/\/xehoivungtau.com\/?page_id=139","url":"https:\/\/xehoivungtau.com\/?page_id=139","name":"Li\u00ean h\u1ec7 - Vung Tau Auto","isPartOf":{"@id":"https:\/\/xehoivungtau.com\/#website"},"datePublished":"2025-02-22T08:16:20+00:00","dateModified":"2025-12-26T03:41:52+00:00","breadcrumb":{"@id":"https:\/\/xehoivungtau.com\/?page_id=139#breadcrumb"},"inLanguage":"vi","potentialAction":[{"@type":"ReadAction","target":["https:\/\/xehoivungtau.com\/?page_id=139"]}]},{"@type":"BreadcrumbList","@id":"https:\/\/xehoivungtau.com\/?page_id=139#breadcrumb","itemListElement":[{"@type":"ListItem","position":1,"name":"Trang ch\u1ee7","item":"https:\/\/xehoivungtau.com\/"},{"@type":"ListItem","position":2,"name":"Li\u00ean h\u1ec7"}]},{"@type":"WebSite","@id":"https:\/\/xehoivungtau.com\/#website","url":"https:\/\/xehoivungtau.com\/","name":"Xe H\u01a1i V\u0169ng T\u00e0u","description":"Garage s\u1eeda ch\u1eefa \u00f4 t\u00f4 chuy\u00ean nghi\u1ec7p","publisher":{"@id":"https:\/\/xehoivungtau.com\/#organization"},"potentialAction":[{"@type":"SearchAction","target":{"@type":"EntryPoint","urlTemplate":"https:\/\/xehoivungtau.com\/?s={search_term_string}"},"query-input":{"@type":"PropertyValueSpecification","valueRequired":true,"valueName":"search_term_string"}}],"inLanguage":"vi"},{"@type":"Organization","@id":"https:\/\/xehoivungtau.com\/#organization","name":"C\u00f4ng ty Xe H\u01a1i V\u0169ng T\u00e0u","url":"https:\/\/xehoivungtau.com\/","logo":{"@type":"ImageObject","inLanguage":"vi","@id":"https:\/\/xehoivungtau.com\/#\/schema\/logo\/image\/","url":"https:\/\/xehoivungtau.com\/wp-content\/uploads\/2025\/02\/cropped-icon.png","contentUrl":"https:\/\/xehoivungtau.com\/wp-content\/uploads\/2025\/02\/cropped-icon.png","width":512,"height":512,"caption":"C\u00f4ng ty Xe H\u01a1i V\u0169ng T\u00e0u"},"image":{"@id":"https:\/\/xehoivungtau.com\/#\/schema\/logo\/image\/"},"sameAs":["https:\/\/www.facebook.com\/xehoivungtau688","https:\/\/x.com\/xehoivt"]}]}},"_links":{"self":[{"href":"https:\/\/xehoivungtau.com\/index.php?rest_route=\/wp\/v2\/pages\/139","targetHints":{"allow":["GET"]}}],"collection":[{"href":"https:\/\/xehoivungtau.com\/index.php?rest_route=\/wp\/v2\/pages"}],"about":[{"href":"https:\/\/xehoivungtau.com\/index.php?rest_route=\/wp\/v2\/types\/page"}],"author":[{"embeddable":true,"href":"https:\/\/xehoivungtau.com\/index.php?rest_route=\/wp\/v2\/users\/1"}],"replies":[{"embeddable":true,"href":"https:\/\/xehoivungtau.com\/index.php?rest_route=%2Fwp%2Fv2%2Fcomments&post=139"}],"version-history":[{"count":2,"href":"https:\/\/xehoivungtau.com\/index.php?rest_route=\/wp\/v2\/pages\/139\/revisions"}],"predecessor-version":[{"id":249,"href":"https:\/\/xehoivungtau.com\/index.php?rest_route=\/wp\/v2\/pages\/139\/revisions\/249"}],"wp:attachment":[{"href":"https:\/\/xehoivungtau.com\/index.php?rest_route=%2Fwp%2Fv2%2Fmedia&parent=139"}],"curies":[{"name":"wp","href":"https:\/\/api.w.org\/{rel}","templated":true}]}}